{"id":1792,"date":"2024-03-18T19:34:28","date_gmt":"2024-03-18T19:34:28","guid":{"rendered":"https:\/\/www.atomred.com\/politica-de-privacidad\/"},"modified":"2026-02-23T10:11:08","modified_gmt":"2026-02-23T10:11:08","slug":"politica-de-privacidad","status":"publish","type":"page","link":"https:\/\/www.atomred.com\/es\/politica-de-privacidad\/","title":{"rendered":"Pol\u00edtica de Privacidad"},"content":{"rendered":"<p>[et_pb_section fb_built=\u00bb1&#8243; admin_label=\u00bbText\u00bb _builder_version=\u00bb4.17.6&#8243; _module_preset=\u00bbdefault\u00bb locked=\u00bboff\u00bb collapsed=\u00bbon\u00bb global_colors_info=\u00bb{}\u00bb][et_pb_row _builder_version=\u00bb4.17.6&#8243; _module_preset=\u00bb5138c454-be54-4233-bd3b-f8e6a8747976&#8243; global_colors_info=\u00bb{}\u00bb][et_pb_column type=\u00bb4_4&#8243; _builder_version=\u00bb4.16&#8243; _module_preset=\u00bb73121f80-a3ef-4484-8763-c3f18e3c56d2&#8243; global_colors_info=\u00bb{}\u00bb][et_pb_heading title=\u00bbAVISO LEGAL Y CONDICIONES DE USO DEL SITIO WEB\u00bb _builder_version=\u00bb4.27.2&#8243; _module_preset=\u00bbc33f07d9-41e0-421a-8799-5799df695cce\u00bb title_level=\u00bbh2&#8243; title_font=\u00bbIBM Plex Sans Condensed|IBM Plex Sans Condensed_weight|||||||\u00bb title_text_color=\u00bb#111111&#8243; title_font_size=\u00bb50px\u00bb title_line_height=\u00bb1.2em\u00bb custom_margin=\u00bb||10px||false|false\u00bb title_font_size_tablet=\u00bb28px\u00bb title_font_size_phone=\u00bb20px\u00bb title_font_size_last_edited=\u00bbon|phone\u00bb locked=\u00bboff\u00bb global_colors_info=\u00bb{%22#0e0c19%22:%91%22title_text_color%22,%22title_text_color%22%93}\u00bb][\/et_pb_heading][et_pb_heading title=\u00bbatomred.com\u00bb _builder_version=\u00bb4.27.2&#8243; _module_preset=\u00bbf0c675ea-2574-4d0e-b725-30f8550a8550&#8243; title_level=\u00bbh4&#8243; title_font=\u00bbIBM Plex Sans|IBM Plex Sans Condensed_weight||on|||||\u00bb title_text_color=\u00bb#457b9d\u00bb title_font_size=\u00bb14px\u00bb title_letter_spacing=\u00bb1px\u00bb title_line_height=\u00bb1.4em\u00bb custom_margin=\u00bb||10px||false|false\u00bb title_font_size_tablet=\u00bb13px\u00bb title_font_size_phone=\u00bb13px\u00bb title_font_size_last_edited=\u00bbon|desktop\u00bb locked=\u00bboff\u00bb global_colors_info=\u00bb{%22#457b9d%22:%91%22title_text_color%22%93}\u00bb][\/et_pb_heading][\/et_pb_column][\/et_pb_row][et_pb_row _builder_version=\u00bb4.27.2&#8243; _module_preset=\u00bbdefault\u00bb custom_margin=\u00bb0px||||false|false\u00bb custom_padding=\u00bb0px||||false|false\u00bb global_colors_info=\u00bb{}\u00bb][et_pb_column type=\u00bb4_4&#8243; _builder_version=\u00bb4.27.2&#8243; _module_preset=\u00bbdefault\u00bb global_colors_info=\u00bb{}\u00bb][et_pb_text _builder_version=\u00bb4.27.2&#8243; _module_preset=\u00bbdefault\u00bb header_2_font_size=\u00bb30px\u00bb header_2_line_height=\u00bb1.2em\u00bb header_3_font_size=\u00bb20px\u00bb header_3_line_height=\u00bb1.4em\u00bb custom_margin=\u00bb||||false|false\u00bb custom_css_free_form=\u00bbselector h2 {||  margin-top: 30px;||}||selector h3 {||  margin-top: 15px;||}||selector li {||  margin-left: 15px;||}\u00bb global_colors_info=\u00bb{}\u00bb]<\/p>\n<h2>INFORMACI\u00d3N GENERAL<\/h2>\n<p class=\"p6\" gt=\"\" span=\"\">En cumplimiento con el deber de informaci\u00f3n dispuesto en la Ley 34\/2002 de Servicios de la Sociedad de la Informaci\u00f3n y el Comercio Electr\u00f3nico (LSSI-CE) de 11 de julio, se facilitan a continuaci\u00f3n los siguientes datos de informaci\u00f3n general de este sitio web:<\/p>\n<p class=\"p6\"><span class=\"s1\">La titularidad de este sitio web, atomred.com (en adelante Sitio Web) la ostenta: Atom Developments SL, con CIF: B-87931689, y cuyos datos de contacto son:<\/span><\/p>\n<p class=\"p6\">C\/ Gran V\u00eda n\u00ba64, 5\u00ba Derecha, 28013 Madrid<\/p>\n<p class=\"p6\"><span class=\"s1\">Tel\u00e9fono de contacto:<span class=\"Apple-converted-space\"> 649 195 673<\/span><\/span><\/p>\n<p class=\"p6\"><span class=\"s1\">Email de contacto:<a href=\"mailto:comercial@atomred.com\" target=\"_blank\" rel=\"noopener\"> comercial@atomred.com<\/a><\/span><\/p>\n<h2>T\u00c9RMINOS Y CONDICIONES GENERALES DE USO<\/h2>\n<h3>EL OBJETO DE LAS CONDICIONES: EL SITIO WEB<\/h3>\n<p class=\"p6\"><span class=\"s1\">El objeto de las presentes Condiciones de Uso (en adelante Condiciones) es regular el acceso y la utilizaci\u00f3n del Sitio Web. A los efectos de las presentes Condiciones se entender\u00e1 como Sitio Web: <\/span><\/p>\n<p class=\"p6\"><span class=\"s1\">La apariencia externa de los interfaces de pantalla, tanto de forma est\u00e1tica como de forma din\u00e1mica, es decir, el \u00e1rbol de navegaci\u00f3n (en adelante Contenidos) y todos aquellos servicios o recursos en l\u00ednea que en su caso ofrezca a los Usuarios (en adelante Servicios).<\/span><\/p>\n<p class=\"p6\"><span class=\"s1\">Atom Developments se reserva la facultad de modificar, en cualquier momento, y sin previo aviso, la presentaci\u00f3n y configuraci\u00f3n del Sitio Web y de los Contenidos y Servicios que en \u00e9l pudieran estar incorporados. El Usuario reconoce y acepta que en cualquier momento Atom Developments pueda interrumpir, desactivar y\/o cancelar cualquier de estos elementos que se integran en el Sitio Web o el acceso a los mismos. <\/span><\/p>\n<p class=\"p6\"><span class=\"s1\">El acceso al Sitio Web por el Usuario tiene car\u00e1cter libre y, por regla general, es gratuito sin que el Usuario tenga que proporcionar una contraprestaci\u00f3n para poder disfrutar de ello, salvo en lo relativo al coste de conexi\u00f3n a trav\u00e9s de la red de telecomunicaciones suministrada por el proveedor que hubiere contratado el Usuario.<\/span><\/p>\n<p class=\"p6\"><span class=\"s1\">La utilizaci\u00f3n de alguno de los Contenidos o Servicios del Sitio Web podr\u00e1 hacerse mediante la suscripci\u00f3n o registro previo del Usuario.<\/span><\/p>\n<h3>EL USUARIO<\/h3>\n<p class=\"p6\"><span class=\"s1\">El acceso, la navegaci\u00f3n y uso del Sitio Web, as\u00ed como por los espacios habilitados para interactuar entre los Usuarios, y el Usuario y Atom Developments, como los comentarios y\/o espacios de blogging, confiere la condici\u00f3n de Usuario, por lo que se aceptan, desde que se incia la navegaci\u00f3n por el Sitio Web, todas las Condiciones aqu\u00ed establecidas, as\u00ed como sus ulteriores modificaciones, sin perjuicio de la aplicaci\u00f3n de la correspondiente normativa legal de obligado cumplimiento seg\u00fan el caso. Dada la relevancia de lo anterior, se recomienda al Usuario leerlas cada vez que visite el Sitio Web. <\/span><\/p>\n<p class=\"p6\"><span class=\"s1\">El Sitio Web de Atom Developments proporciona gran diversidad de informaci\u00f3n, servicios y datos. El Usuario asume su responsabilidad para realizar un uso correcto del Sitio Web. Esta responsabilidad se extender\u00e1 a:  <\/span><\/p>\n<ul>\n<li>Un uso de la informaci\u00f3n, Contenidos y\/o Servicios y datos ofrecidos por Atom Developments son que sea contrario a lo dispuesto por las presentes Condiciones, la Ley, la moral o el orden p\u00fablico, o que de cualquier otro modo puedan suponer lesi\u00f3n de los derechos de terceros o del mismo funcionamiento del Sitio Web.<\/li>\n<li>La veracidad y licitud de las informaciones aportadas por el Usuario en los formularios extendidos por Atom Developments para el acceso a ciertos Contenidos o Servicios ofrecidos por el Sitio Web. En todo caso, el usuario notificar\u00e1 de forma inmediata a Atom Developments acerca de cualquier hecho que permita el uso indebido de la informaci\u00f3n registrada en dichos formularios, tales como, pero no s\u00f3lo, el robo, extrav\u00edo, o el acceso no autorizado a identificadores y\/o contrase\u00f1as, con el fin de proceder a su inmediata cancelaci\u00f3n. <\/li>\n<\/ul>\n<p class=\"p6\"><span class=\"s1\">Atom Developments se reserva el derecho de retirar todos aquellos comentarios y aportaciones que vulneren la ley, el respeto a la dignidad de la persona, que sean discriminatorios, xen\u00f3fobos, racistas, pornogr\u00e1ficos, spamming, que atenten contra la juventud o la infancia, el orden o la seguridad p\u00fablica o que, a su juicio, no resultaran adecuados para su publicaci\u00f3n.<\/span><\/p>\n<p class=\"p6\"><span class=\"s1\">En cualquier caso, Atom Developments no ser\u00e1 responsable de las opiniones vertidas por los Usuarios a trav\u00e9s de comentarios u otras herramientas de blogging o de participaci\u00f3n que pueda haber.<\/span><\/p>\n<p class=\"p6\"><span class=\"s1\">El mero acceso a este Sitio Web no supone entablar ning\u00fan tipo de relaci\u00f3n de car\u00e1cter comercial entre Atom Developments y el Usuario.<\/span><\/p>\n<p class=\"p6\"><span class=\"s1\">El usuario declara ser mayor de edad y disponer de la capacidad jur\u00eddica suficiente para vincularse por las presentes Condiciones. Por lo tanto, este Sitio Web de Atom Developments no se dirige a menores de edad. Atom Developments declina cualquier responsabilidad por el incumplimiento de este requisito.  <\/span><\/p>\n<p class=\"p6\"><span class=\"s1\">El Sitio web est\u00e1 dirigido principalmente a Usuarios residentes en Espa\u00f1a. Atom Developments no asegura que el Sitio Web cumpla con legislaciones de otros pa\u00edses, ya sea total o parcialmente. Si el Usuario reside o tiene su domicilio en otro lugar y decide acceder y\/o navegar en el Sitio Web lo har\u00e1 bajo su propia responsabilidad, deber\u00e1 asegurarse de que tal acceso y navegaci\u00f3n cumple con la legislaci\u00f3n local que le es aplicable, no asumiendo Atom Developments responsabilidad alguna que se pueda derivar de dicho acceso.  <\/span><\/p>\n<h3>ACCESO Y NAVEGACI\u00d3N EN EL SITIO WEB: EXCLUSI\u00d3N DE GARANT\u00cdAS Y RESPONSABILIDAD<\/h3>\n<p class=\"p6\"><span class=\"s1\">Atom Developments no garantiza la continuidad, disponibilidad y utilidad del Sitio Web, ni de los Contenidos o Servicios. Atom Developments har\u00e1 todo lo posible por el buen funcionamiento del Sitio Web, sin embargo, no se responsabiliza ni garantiza que el acceso a este Sitio Web no vaya a ser ininterrumpido o que est\u00e9 libre de error. <\/span><\/p>\n<p class=\"p6\"><span class=\"s1\">Tampoco se responsabiliza o garantiza que el contenido o software al que pueda accederse a trav\u00e9s de este Sitio Web est\u00e9 libre de error o cause un da\u00f1o al sistema inform\u00e1tico (software y hardware) del Usuario. En ning\u00fan caso Atom Developments ser\u00e1 responsable por las p\u00e9rdidas, da\u00f1os o perjuicios de cualquier tipo que surjan por el acceso, navegaci\u00f3n y el uso del Sitio Web, incluy\u00e9ndose, pero no limit\u00e1ndose, a los ocasionados a los sistemas inform\u00e1ticos o los provocados por la introducci\u00f3n de virus. <\/span><\/p>\n<p class=\"p6\"><span class=\"s1\">Atom Developments tampoco se hace responsable de los da\u00f1os que pudiesen ocasionarse a los Usuarios por un uso inadecuado de este Sitio Web. En particular, no se hace responsable en modo alguno de las ca\u00eddas, interrupciones, falta o defecto de las telecomunicaciones que pudieran ocurrir. <\/span><\/p>\n<h3>POL\u00cdTICA DE PRIVACIDAD Y PROTECCI\u00d3N DE DATOS<\/h3>\n<p class=\"p6\"><span class=\"s1\">Conforme a lo previsto en el art\u00edculo 5 de la LOPD, se informa al Usuario que los datos personales recabados por Atom Developments, mediante los formularios extendidos en sus p\u00e1ginas, ser\u00e1n introducidos en un fichero automatizado bajo la responsabilidad de Atom Developments, y debidamente declarado e inscrito en el Registro General de la Agencia de Protecci\u00f3n de Datos, con la finalidad de poder facilitar, agilizar y cumplir los compromisos establecidos entre ambas partes o el mantenimiento de la relaci\u00f3n que se establezca en los formularios que suscriba o para atender una solicitud o consulta.<\/span><\/p>\n<p class=\"p6\"><span class=\"s1\">Mientras el Usuario no comunique lo contrario a Atom Developments, se entender\u00e1 que sus datos no han sido modificados, que el Usuario se compromete a notificar cualquier variaci\u00f3n y que tiene el consentimiento para utilizarlos para las finalidades determinadas, expl\u00edcitas y leg\u00edtimas para las que se hayan obtenido. Pudiendo incluso ser, adem\u00e1s, utilizados con una finalidad comercial de personalizaci\u00f3n, operativa y estad\u00edstica, y actividades propias de su objeto social, autorizando expresamente a Atom Developments para la extracci\u00f3n, almacenamiento de datos y estudios de marketing para adecuar el Contenido ofertado al Usuario, y as\u00ed mejorar la calidad, funcionamiento y navegaci\u00f3n por el Sitio Web. <\/span><\/p>\n<p class=\"p6\"><span class=\"s1\">En las ocasiones en las que el usuario pudiera facilitar sus datos a trav\u00e9s de formularios, con el objeto de realizar consultas, solicitar informaci\u00f3n y\/o por motivos relacionados con el Contenido ofrecido en el Sitio Web, si los datos que facilitara el Usuario fueran imprescindibles para el correcto desarrollo de todo esto, se informar\u00e1 de ello al Usuario indic\u00e1ndole que son datos cuya cumplimentaci\u00f3n es de car\u00e1cter obligatorio.<\/span><\/p>\n<p class=\"p6\"><span class=\"s1\">En caso de no autorizar el tratamiento de sus datos con la finalidad se\u00f1alada en el p\u00e1rrafo(s) anterior(es), el Usuario podr\u00e1 ejercer sus derechos de informaci\u00f3n-acceso, rectificaci\u00f3n, cancelaci\u00f3n y oposici\u00f3n, (Derechos ARCO) de los que dispone y que pueden ser ejercitados ante Atom Developments. Para ello debe tener en cuenta las siguientes condiciones:<\/span><\/p>\n<ul>\n<li>Derecho de acceso: es el derecho del Usuario a obtener informaci\u00f3n sobre sus datos concretos de car\u00e1cter personal y del tratamiento que Atom Developments haya realizado o realice, as\u00ed como de la informaci\u00f3n disponible sobre el origen de dichos datos y las comunicaciones realizadas o previstas de los mismos.<\/li>\n<li>Derecho de rectificaci\u00f3n: es el derecho del Usuario a que se modifiquen los datos que, estando dentro del fichero automatizado, resulten ser inexactos o incompletos.<\/li>\n<li>Derecho de cancelaci\u00f3n: es el derecho a suprimir los datos de car\u00e1cter personal del usuario, a excepci\u00f3n de lo previsto en otras leyes aplicables que determinen la obligatoriedad de la conservaci\u00f3n de los mismos, en tiempo y forma.<\/li>\n<li>Derecho de oposici\u00f3n: es el derecho del Usuario a que no se lleve a cabo el tratamiento de sus datos de car\u00e1cter personal o se cese el tratamiento de los mismos por parte de Atom Developments.<\/li>\n<\/ul>\n<p class=\"p6\"><span class=\"s1\">As\u00ed pues, el usuario podr\u00e1 ejercitar sus derechos mediante comunicaci\u00f3n escrita dirigida a Atom Developments con referencia \u201cLOPD-atomred.com\u201d, especificando:<\/span><\/p>\n<ul>\n<li>Nombre, apellidos del Usuario y copia del DNI. En los casos en que se admita la representaci\u00f3n, ser\u00e1 tambi\u00e9n necesaria la identificaci\u00f3n por el mismo medio de la persona que representa al usuario, as\u00ed como el documento acreditativo de la representaci\u00f3n. La fotocopia del DNI podr\u00e1 ser sustituida por cualquier otro medio v\u00e1lido en derecho que acredite la identidad.  <\/li>\n<li>Petici\u00f3n con los motivos espec\u00edficos de la solicitud o informaci\u00f3n a la que se quiere acceder.<\/li>\n<li>Domicilio a efecto de notificaciones.<\/li>\n<li>Fecha y firma del solicitante.<\/li>\n<li>Todo documento que acredite la petici\u00f3n que formula.<\/li>\n<\/ul>\n<p class=\"p6\"><span class=\"s1\">El Usuario deber\u00e1 utilizar un m\u00e9todo de env\u00edo que permita acreditar el env\u00edo y la recepci\u00f3n de la solicitud.<\/span><\/p>\n<p class=\"p6\"><span class=\"s1\">Esta solicitud y todo otro documento adjunto deber\u00e1 enviarse a la siguiente direcci\u00f3n y\/o correo electr\u00f3nico:<\/span><\/p>\n<p class=\"p6\">C\/ Gran V\u00eda n\u00ba64, 5\u00ba Derecha,<br \/>28013 Madrid<\/p>\n<p class=\"p6\"><span class=\"s1\">Email:<a href=\"mailto:comercial@atomred.com\" target=\"_blank\" rel=\"noopener\"> comercial@atomred.com<\/a><\/span><\/p>\n<p class=\"p6\"><span class=\"s1\">Atom Developments se reserva el derecho a modificar su Pol\u00edtica de Privacidad, de acuerdo a su propio criterio, o motivado por un cambio legislativo, jurisprudencial o doctrinal de la Agencia Espa\u00f1ola de Protecci\u00f3n de Datos. El uso de la Web despu\u00e9s de dichos cambios, implicar\u00e1 la aceptaci\u00f3n de los mismos.. <\/span><\/p>\n<h3>POL\u00cdTICA DE ENLACES<\/h3>\n<p class=\"p6\"><span class=\"s1\">Se informa que el Sitio Web de Atom Developments pone o puede poner a disposici\u00f3n de los Usuarios medios de enlace (como, entre otros, links, banners, botones), directorios y motores de b\u00fasqueda que permiten a los Usuarios acceder a sitios web pertenecientes y\/o gestionados por terceros.<\/span><\/p>\n<p class=\"p6\"><span class=\"s1\">La instalaci\u00f3n de estos enlaces, directorios y motores de b\u00fasqueda en el Sitio Web tiene por objeto facilitar a los Usuarios la b\u00fasqueda de y acceso a la informaci\u00f3n disponible en Internet, sin que pueda considerarse una sugerencia, recomendaci\u00f3n o invitaci\u00f3n para la visita de los mismos.<\/span><\/p>\n<p class=\"p6\"><span class=\"s1\">Atom Developments no ofrece ni comercializa por s\u00ed ni por medio de terceros los productos y\/o servicios disponibles en dichos sitios enlazados.<\/span><\/p>\n<p class=\"p6\"><span class=\"s1\">Asimismo, tampoco garantizar\u00e1 la disponibilidad t\u00e9cnica, exactitud, veracidad, validez o legalidad de sitios ajenos a su propiedad a los que se pueda acceder por medio de los enlaces..<\/span><\/p>\n<p class=\"p6\"><span class=\"s1\">Atom Developments en ning\u00fan caso revisar\u00e1 o controlar\u00e1 el contenido de otros sitios web, as\u00ed como tampoco aprueba, examina ni hace propios los productos y servicios, contenidos, archivos y cualquier otro materia existentes en los referidos sitios enlazados.<\/span><\/p>\n<p class=\"p6\"><span class=\"s1\">Atom Developments no asume ninguna responsabilidad por los da\u00f1os y perjuicios que pudieran producirse por el acceso, uso, calidad o licitud de los contenidos, comunicaciones, opiniones, productos o servicios de los sitios web no gestionados por Atom Developments y que sean enlazados en este Sitio Web.<\/span><\/p>\n<p class=\"p6\"><span class=\"s1\">El Usuario o tercero que realice un hiperv\u00ednculo desde una p\u00e1gina web de otro, distinto, sitio web al Sitio Web de Atom Developments deber\u00e1 saber que:<\/span><\/p>\n<ul>\n<li>No se permite la reproducci\u00f3n \u2013 total o parcialmente- de ninguno de los Contenidos y\/o Servicios del Sitio Web sin autorizaci\u00f3n expresa de Atom Developments.<\/li>\n<li>No se permite tampoco ninguna manifestaci\u00f3n falsa, inexacta o incorrecta sobre el Sitio Web de Atom Developments, no sobre los Contenidos y\/o Servicios del mismo.<\/li>\n<li>A excepci\u00f3n del hiperv\u00ednculo, el sitio web en el que se establezca dicho hiperenlace no contendr\u00e1 ning\u00fan elemento, de este Sitio Web, protegido como propiedad intelectual por el ordenamiento jur\u00eddico espa\u00f1ol, salvo autorizaci\u00f3n expresa de Atom Developments.<\/li>\n<\/ul>\n<p class=\"p6\"><span class=\"s1\">El establecimiento del hiperv\u00ednculo no implicar\u00e1 la existencia de relaciones entre Atom Developments y el titular del sitio web desde el cual se realice, ni el conocimiento y aceptaci\u00f3n de Atom Developments de los contenidos, servicios y\/o actividades ofrecidos en dicho sitio web, y viceversa.<\/span><\/p>\n<h3>PROPIEDAD INTELECTUAL E INDUSTRIAL<\/h3>\n<p class=\"p6\"><span class=\"s1\">Atom Developments por s\u00ed o como parte cesionaria, es titular de todos los derechos de propiedad intelectual e industrial del Sitio Web, as\u00ed como de los elementos contenidos en el mismo (a t\u00edtulo enunciativo y no exhaustivo, im\u00e1genes, sonido, audio, v\u00eddeo, software o textos, marcas, logotipos, combinaciones de colores, estructura y dise\u00f1o, selecci\u00f3n de materiales usados, programas de ordenador necesarios para su funcionamiento, acceso y uso, etc.). Ser\u00e1n, por consiguiente, obras protegidas como propiedad intelectual por el ordenamiento jur\u00eddico espa\u00f1ol, si\u00e9ndoles aplicables tanto la normativa espa\u00f1ola y comunitaria en este campo, como los tratados internacionales relativos a la materia y suscritos por Espa\u00f1a. <\/span><\/p>\n<p class=\"p6\"><span class=\"s1\">Todos los derechos reservados. En virtud de lo dispuesto en la Ley de Propiedad Intelectual, quedan expresamente prohibidas la reproducci\u00f3n, la distribuci\u00f3n y la comunicaci\u00f3n p\u00fablica, incluida su modalidad de puesta a disposici\u00f3n, de la totalidad o parte de los contenidos de esta p\u00e1gina web, con fines comerciales, en cualquier soporte y por cualquier medio t\u00e9cnico, sin la autorizaci\u00f3n de Atom Developments. <\/span><\/p>\n<p class=\"p6\"><span class=\"s1\">El Usuario se compromete a respetar los derechos de Propiedad Intelectual e Industrial titularidad de Atom Developments. Podr\u00e1 visualizar los elementos del portal e incluso imprimirlos, copiarlos y almacenarlos en el disco duro de su ordenador o en cualquier otro soporte f\u00edsico siempre y cuando sea, \u00fanica y exclusivamente, para su uso personal y privado. El Usuario deber\u00e1 abstenerse de suprimir, alterar, eludir o manipular cualquier dispositivo de protecci\u00f3n o sistema de seguridad que estuviera instalado en el las p\u00e1ginas del Sitio Web.  <\/span><\/p>\n<p class=\"p6\"><span class=\"s1\">En caso de que el Usuario o tercero considere que cualquiera de los Contenidos del Sitio Web suponga una violaci\u00f3n de los derechos de protecci\u00f3n de la propiedad intelectual, deber\u00e1 comunicarlo inmediatamente a Atom Developments a trav\u00e9s de los datos de contacto del apartado de Informaci\u00f3n General de este Aviso Legal y Condiciones Generales de Uso.<\/span><\/p>\n<h3>ACCIONES LEGALES, LEGISLACI\u00d3N APLICABLE Y JURISDICCI\u00d3N<\/h3>\n<p class=\"p6\"><span class=\"s1\">Atom Developments se reserva la facultad de presentar las acciones civiles o penales que considere necesarias por la utilizaci\u00f3n indebida del Sitio Web y Contenidos, o por el incumplimiento de las presentes Condiciones.<\/span><\/p>\n<p class=\"p6\"><span class=\"s1\">La relaci\u00f3n entre el Usuario y Atom Developments se regir\u00e1 por la normativa vigente y de aplicaci\u00f3n en el territorio espa\u00f1ol. De surgir cualquier controversia en relaci\u00f3n a la interpretaci\u00f3n y\/o a la aplicaci\u00f3n de estas Condiciones las partes someter\u00e1n sus conflictos a la jurisdicci\u00f3n ordinaria someti\u00e9ndose a los jueces y tribunales que correspondan conforme a derecho. <\/span><\/p>\n<p>[\/et_pb_text][\/et_pb_column][\/et_pb_row][\/et_pb_section]<\/p>\n","protected":false},"excerpt":{"rendered":"<p>INFORMACI\u00d3N GENERAL En cumplimiento con el deber de informaci\u00f3n dispuesto en la Ley 34\/2002 de Servicios de la Sociedad de la Informaci\u00f3n y el Comercio Electr\u00f3nico (LSSI-CE) de 11 de julio, se facilitan a continuaci\u00f3n los siguientes datos de informaci\u00f3n general de este sitio web: La titularidad de este sitio web, atomred.com (en adelante Sitio [&hellip;]<\/p>\n","protected":false},"author":1,"featured_media":0,"parent":0,"menu_order":0,"comment_status":"closed","ping_status":"open","template":"","meta":{"_acf_changed":false,"_et_pb_use_builder":"on","_et_pb_old_content":"","_et_gb_content_width":"","footnotes":""},"dipi_cpt_category":[],"class_list":["post-1792","page","type-page","status-publish","hentry"],"acf":[],"_links":{"self":[{"href":"https:\/\/www.atomred.com\/es\/wp-json\/wp\/v2\/pages\/1792","targetHints":{"allow":["GET"]}}],"collection":[{"href":"https:\/\/www.atomred.com\/es\/wp-json\/wp\/v2\/pages"}],"about":[{"href":"https:\/\/www.atomred.com\/es\/wp-json\/wp\/v2\/types\/page"}],"author":[{"embeddable":true,"href":"https:\/\/www.atomred.com\/es\/wp-json\/wp\/v2\/users\/1"}],"replies":[{"embeddable":true,"href":"https:\/\/www.atomred.com\/es\/wp-json\/wp\/v2\/comments?post=1792"}],"version-history":[{"count":4,"href":"https:\/\/www.atomred.com\/es\/wp-json\/wp\/v2\/pages\/1792\/revisions"}],"predecessor-version":[{"id":3618,"href":"https:\/\/www.atomred.com\/es\/wp-json\/wp\/v2\/pages\/1792\/revisions\/3618"}],"wp:attachment":[{"href":"https:\/\/www.atomred.com\/es\/wp-json\/wp\/v2\/media?parent=1792"}],"wp:term":[{"taxonomy":"dipi_cpt_category","embeddable":true,"href":"https:\/\/www.atomred.com\/es\/wp-json\/wp\/v2\/dipi_cpt_category?post=1792"}],"curies":[{"name":"wp","href":"https:\/\/api.w.org\/{rel}","templated":true}]}}