{"id":2145,"date":"2024-05-16T16:54:43","date_gmt":"2024-05-16T16:54:43","guid":{"rendered":"https:\/\/www.atomred.com\/empresa\/"},"modified":"2026-02-12T11:38:23","modified_gmt":"2026-02-12T11:38:23","slug":"empresa","status":"publish","type":"page","link":"https:\/\/www.atomred.com\/es\/empresa\/","title":{"rendered":"EMPRESA"},"content":{"rendered":"<p>[et_pb_section fb_built=\u00bb1&#8243; _builder_version=\u00bb4.27.5&#8243; _module_preset=\u00bbdefault\u00bb width=\u00bb100%\u00bb max_width=\u00bb100%\u00bb custom_margin_tablet=\u00bb\u00bb custom_margin_phone=\u00bb\u00bb custom_margin_last_edited=\u00bbon|phone\u00bb custom_padding=\u00bb0px||0px||false|false\u00bb global_colors_info=\u00bb{}\u00bb custom_margin__hover_enabled=\u00bboff|desktop\u00bb][et_pb_row _builder_version=\u00bb4.27.5&#8243; _module_preset=\u00bbdefault\u00bb width_tablet=\u00bb\u00bb width_phone=\u00bb100%\u00bb width_last_edited=\u00bbon|phone\u00bb locked=\u00bboff\u00bb global_colors_info=\u00bb{}\u00bb][et_pb_column type=\u00bb4_4&#8243; _builder_version=\u00bb4.25.1&#8243; _module_preset=\u00bbdefault\u00bb global_colors_info=\u00bb{}\u00bb][et_pb_divider color=\u00bb#343132&#8243; divider_position=\u00bbbottom\u00bb _builder_version=\u00bb4.25.0&#8243; _module_preset=\u00bbdefault\u00bb width=\u00bb50px\u00bb module_alignment=\u00bbcenter\u00bb min_height=\u00bb10px\u00bb custom_margin=\u00bb0px||20px||false|false\u00bb custom_padding=\u00bb0px||||false|false\u00bb locked=\u00bboff\u00bb global_colors_info=\u00bb{}\u00bb][\/et_pb_divider][et_pb_text _builder_version=\u00bb4.27.5&#8243; _module_preset=\u00bbdefault\u00bb text_font_size=\u00bb20px\u00bb text_line_height=\u00bb1.4em\u00bb width_tablet=\u00bb\u00bb width_phone=\u00bb100%\u00bb width_last_edited=\u00bbon|phone\u00bb module_alignment=\u00bbcenter\u00bb custom_margin=\u00bb||10px||false|false\u00bb custom_padding=\u00bb||0px||false|false\u00bb text_font_size_tablet=\u00bb20px\u00bb text_font_size_phone=\u00bb16px\u00bb text_font_size_last_edited=\u00bbon|phone\u00bb global_colors_info=\u00bb{}\u00bb]<\/p>\n<p style=\"text-align: center;\">Fundada bajo los principios de excelencia y visi\u00f3n estrat\u00e9gica, <strong>ATOM Real Estate Developments<\/strong> destaca en la gesti\u00f3n integral de proyectos inmobiliarios transformando el paisaje urbano. No solo construimos estructuras; creamos oportunidades de inversi\u00f3n de alto valor mediante una mezcla \u00fanica de innovaci\u00f3n arquitect\u00f3nica y un meticuloso conocimiento del mercado. <\/p>\n<p>[\/et_pb_text][et_pb_divider color=\u00bb#343132&#8243; divider_position=\u00bbbottom\u00bb disabled_on=\u00bbon|off|off\u00bb _builder_version=\u00bb4.27.5&#8243; _module_preset=\u00bbdefault\u00bb width=\u00bb50px\u00bb module_alignment=\u00bbcenter\u00bb min_height=\u00bb10px\u00bb custom_margin=\u00bb0px||20px||false|false\u00bb custom_padding=\u00bb0px||||false|false\u00bb locked=\u00bboff\u00bb global_colors_info=\u00bb{}\u00bb][\/et_pb_divider][\/et_pb_column][\/et_pb_row][\/et_pb_section][et_pb_section fb_built=\u00bb1&#8243; admin_label=\u00bbProducts Section\u00bb _builder_version=\u00bb4.25.1&#8243; custom_margin=\u00bb||||false|false\u00bb custom_padding=\u00bb0px|0px|0px|0px|false|false\u00bb hover_enabled=\u00bb0&#8243; global_colors_info=\u00bb{}\u00bb sticky_enabled=\u00bb0&#8243;][et_pb_row _builder_version=\u00bb4.27.5&#8243; _module_preset=\u00bbdefault\u00bb column_structure=\u00bb2_5,3_5&#8243; hover_enabled=\u00bb0&#8243; sticky_enabled=\u00bb0&#8243; make_equal=\u00bbon\u00bb width=\u00bb100%\u00bb max_width=\u00bb1280px\u00bb admin_label=\u00bbinvesment\u00bb][et_pb_column _builder_version=\u00bb4.27.5&#8243; _module_preset=\u00bbdefault\u00bb type=\u00bb2_5&#8243; custom_css_main_element=\u00bbmargin: auto 0;\u00bb hover_enabled=\u00bb0&#8243; sticky_enabled=\u00bb0&#8243; custom_css_main_element_last_edited=\u00bbon|phone\u00bb custom_css_main_element_phone=\u00bbmargin-bottom: 20px;\u00bb custom_css_main_element_tablet=\u00bbmargin: auto 0;\u00bb][et_pb_text _builder_version=\u00bb4.25.1&#8243; _module_preset=\u00bbdefault\u00bb header_3_font=\u00bb|||||||gcid-10fb3e60-1c9b-4aec-9454-146806b95759|\u00bb header_3_text_align=\u00bbcenter\u00bb header_3_font_size=\u00bb13px\u00bb header_4_text_align=\u00bbcenter\u00bb header_4_font_size=\u00bb16px\u00bb custom_margin=\u00bb||0px||false|false\u00bb custom_padding=\u00bb||0px||false|false\u00bb hover_enabled=\u00bb0&#8243; global_colors_info=\u00bb{%22gcid-10fb3e60-1c9b-4aec-9454-146806b95759%22:%91%22border_color_bottom%22%93}\u00bb sticky_enabled=\u00bb0&#8243; locked=\u00bboff\u00bb]<\/p>\n<h4>EMPRESA<\/h4>\n<p>[\/et_pb_text][et_pb_divider color=\u00bb#343132&#8243; divider_position=\u00bbbottom\u00bb _builder_version=\u00bb4.25.0&#8243; _module_preset=\u00bbdefault\u00bb width=\u00bb50px\u00bb module_alignment=\u00bbcenter\u00bb height=\u00bb10px\u00bb custom_margin=\u00bb0px||20px||false|false\u00bb custom_padding=\u00bb0px||0px||false|false\u00bb global_colors_info=\u00bb{}\u00bb locked=\u00bboff\u00bb][\/et_pb_divider][et_pb_text _builder_version=\u00bb4.27.5&#8243; _module_preset=\u00bbdefault\u00bb header_text_align=\u00bbcenter\u00bb header_font_size=\u00bb42px\u00bb header_line_height=\u00bb1.1em\u00bb header_2_font=\u00bb||||||||\u00bb header_2_text_align=\u00bbcenter\u00bb header_2_font_size=\u00bb42px\u00bb header_2_line_height=\u00bb1.1em\u00bb header_3_text_align=\u00bbcenter\u00bb custom_margin=\u00bb||0px|||\u00bb custom_padding=\u00bb||0px||false|false\u00bb global_colors_info=\u00bb{}\u00bb locked=\u00bboff\u00bb]<\/p>\n<h2>Inversi\u00f3n y desarrollo<\/h2>\n<p>[\/et_pb_text][et_pb_text _builder_version=\u00bb4.25.1&#8243; _module_preset=\u00bbdefault\u00bb text_font_size=\u00bb16px\u00bb text_line_height=\u00bb1.5em\u00bb text_orientation=\u00bbcenter\u00bb global_colors_info=\u00bb{}\u00bb locked=\u00bboff\u00bb]<\/p>\n<p>Dise\u00f1o y desarrollo integral de cada proyecto inmobiliario.<\/p>\n<p>Promoci\u00f3n propia y servicios de promoci\u00f3n delegada.<\/p>\n<p>[\/et_pb_text][\/et_pb_column][et_pb_column _builder_version=\u00bb4.27.5&#8243; _module_preset=\u00bbdefault\u00bb type=\u00bb3_5&#8243; admin_label=\u00bbinvesment\u00bb hover_enabled=\u00bb0&#8243; sticky_enabled=\u00bb0&#8243;][et_pb_image src=\u00bbhttps:\/\/www.atomred.com\/wp-content\/uploads\/2024\/05\/empresa-1.jpg\u00bb title_text=\u00bbOpen-plan Living Room\/Studio with a completely white design, parquet floor, and built-in display shelving.\u00bb _builder_version=\u00bb4.27.5&#8243; _module_preset=\u00bbdefault\u00bb width=\u00bb100%\u00bb max_width=\u00bb100%\u00bb custom_css_free_form=\u00bb\/*.selector {||  overflow: hidden;||}||.selector img {||  transition: all 300ms linear;||}||.selector img:hover {||  transform: scale(1.1);||}*\/\u00bb global_colors_info=\u00bb{}\u00bb locked=\u00bboff\u00bb][\/et_pb_image][\/et_pb_column][\/et_pb_row][et_pb_row _builder_version=\u00bb4.27.5&#8243; _module_preset=\u00bbdefault\u00bb column_structure=\u00bb3_5,2_5&#8243; admin_label=\u00bbfull service\u00bb hover_enabled=\u00bb0&#8243; sticky_enabled=\u00bb0&#8243; width=\u00bb100%\u00bb max_width=\u00bb1280px\u00bb make_equal=\u00bbon\u00bb custom_css_main_element_last_edited=\u00bbon|phone\u00bb custom_css_main_element_phone=\u00bbdisplay: flex;||flex-direction: column-reverse;||padding-top: 0px;\u00bb custom_margin_last_edited=\u00bbon|phone\u00bb custom_margin_phone=\u00bb||0px||false|false\u00bb custom_padding_last_edited=\u00bbon|phone\u00bb custom_padding_phone=\u00bb||0px||false|false\u00bb][et_pb_column _builder_version=\u00bb4.27.5&#8243; _module_preset=\u00bbdefault\u00bb type=\u00bb3_5&#8243; hover_enabled=\u00bb0&#8243; sticky_enabled=\u00bb0&#8243;][et_pb_image src=\u00bbhttps:\/\/www.atomred.com\/wp-content\/uploads\/2024\/04\/home-1-v2.jpg\u00bb title_text=\u00bbDesign and execution of modern real estate projects in Madrid.\u00bb _builder_version=\u00bb4.27.5&#8243; _module_preset=\u00bbdefault\u00bb width=\u00bb100%\u00bb max_width=\u00bb100%\u00bb hover_enabled=\u00bb0&#8243; custom_css_free_form=\u00bb\/*.selector {||  overflow: hidden;||}||.selector img {||  transition: all 300ms linear;||}||.selector img:hover {||  transform: scale(1.1);||}*\/\u00bb global_colors_info=\u00bb{}\u00bb sticky_enabled=\u00bb0&#8243; locked=\u00bboff\u00bb][\/et_pb_image][\/et_pb_column][et_pb_column _builder_version=\u00bb4.27.5&#8243; _module_preset=\u00bbdefault\u00bb type=\u00bb2_5&#8243; hover_enabled=\u00bb0&#8243; sticky_enabled=\u00bb0&#8243; custom_css_main_element=\u00bbmargin: auto 0;\u00bb custom_css_main_element_last_edited=\u00bbon|phone\u00bb custom_css_main_element_phone=\u00bbmargin-bottom: 20px!important;||margin-top: 0px!important;||padding-top: 0px!important;\u00bb custom_css_main_element_tablet=\u00bbmargin: auto 0;\u00bb][et_pb_text _builder_version=\u00bb4.27.5&#8243; _module_preset=\u00bbdefault\u00bb header_text_align=\u00bbcenter\u00bb header_font_size=\u00bb42px\u00bb header_line_height=\u00bb1.1em\u00bb header_2_font=\u00bb||||||||\u00bb header_2_text_align=\u00bbcenter\u00bb header_2_font_size=\u00bb2.4vw\u00bb header_2_line_height=\u00bb1.3em\u00bb header_3_text_align=\u00bbcenter\u00bb custom_margin=\u00bb||0px|||\u00bb custom_margin_tablet=\u00bb\u00bb custom_margin_phone=\u00bb30px||||false|false\u00bb custom_margin_last_edited=\u00bbon|phone\u00bb custom_padding=\u00bb||0px||false|false\u00bb hover_enabled=\u00bb0&#8243; header_font_size_tablet=\u00bb42px\u00bb header_font_size_phone=\u00bb42px\u00bb header_font_size_last_edited=\u00bbon|phone\u00bb global_colors_info=\u00bb{}\u00bb sticky_enabled=\u00bb0&#8243; locked=\u00bboff\u00bb]<\/p>\n<h1>Servicio integral de promoci\u00f3n inmobiliaria<\/h1>\n<p>[\/et_pb_text][et_pb_divider color=\u00bb#343132&#8243; divider_position=\u00bbbottom\u00bb _builder_version=\u00bb4.25.0&#8243; _module_preset=\u00bbdefault\u00bb width=\u00bb50px\u00bb module_alignment=\u00bbcenter\u00bb min_height=\u00bb10px\u00bb custom_margin=\u00bb0px||20px||false|false\u00bb custom_padding=\u00bb0px||||false|false\u00bb global_colors_info=\u00bb{}\u00bb locked=\u00bboff\u00bb][\/et_pb_divider][et_pb_text _builder_version=\u00bb4.27.4&#8243; _module_preset=\u00bbdefault\u00bb text_font_size=\u00bb16px\u00bb text_line_height=\u00bb1.5em\u00bb text_orientation=\u00bbcenter\u00bb custom_margin=\u00bb||7px|||\u00bb custom_padding_tablet=\u00bb\u00bb custom_padding_phone=\u00bb|25px||25px|false|true\u00bb custom_padding_last_edited=\u00bbon|phone\u00bb hover_enabled=\u00bb0&#8243; global_colors_info=\u00bb{}\u00bb sticky_enabled=\u00bb0&#8243; locked=\u00bboff\u00bb]<\/p>\n<p><span><strong>ATOM Real Estate Developments<\/strong> es una promotora inmobiliaria que desarrolla su actividad en el sector residencial y terciario (oficinas) en el mercado espa\u00f1ol.<\/span><\/p>\n<p>[\/et_pb_text][et_pb_divider color=\u00bb#343132&#8243; divider_position=\u00bbbottom\u00bb _builder_version=\u00bb4.25.0&#8243; _module_preset=\u00bbdefault\u00bb width=\u00bb50px\u00bb module_alignment=\u00bbcenter\u00bb min_height=\u00bb10px\u00bb custom_margin=\u00bb0px||20px||false|false\u00bb custom_padding=\u00bb0px||||false|false\u00bb global_colors_info=\u00bb{}\u00bb locked=\u00bboff\u00bb][\/et_pb_divider][et_pb_text _builder_version=\u00bb4.27.4&#8243; _module_preset=\u00bbdefault\u00bb text_font_size=\u00bb20px\u00bb text_line_height=\u00bb1.5em\u00bb header_font=\u00bb|||on|||||\u00bb header_4_font=\u00bb|||||on|||\u00bb header_4_line_height=\u00bb1.3em\u00bb text_orientation=\u00bbcenter\u00bb hover_enabled=\u00bb0&#8243; global_colors_info=\u00bb{}\u00bb sticky_enabled=\u00bb0&#8243; locked=\u00bboff\u00bb]<\/p>\n<p><span>Proporcionamos valor a trav\u00e9s de una combinaci\u00f3n de an\u00e1lisis riguroso, gesti\u00f3n pr\u00e1ctica y dise\u00f1o innovador.<\/span><\/p>\n<p>[\/et_pb_text][\/et_pb_column][\/et_pb_row][\/et_pb_section][et_pb_section fb_built=\u00bb1&#8243; custom_padding_last_edited=\u00bbon|phone\u00bb _builder_version=\u00bb4.27.5&#8243; _module_preset=\u00bbdefault\u00bb width=\u00bb100%\u00bb max_width=\u00bb100%\u00bb custom_margin=\u00bb0px||0px||false|false\u00bb custom_margin_tablet=\u00bb\u00bb custom_margin_phone=\u00bb0px||||false|false\u00bb custom_margin_last_edited=\u00bbon|phone\u00bb custom_padding=\u00bb0px||0px||false|false\u00bb custom_padding_tablet=\u00bb\u00bb custom_padding_phone=\u00bb0px||0px||false|false\u00bb hover_enabled=\u00bb0&#8243; global_colors_info=\u00bb{}\u00bb custom_margin__hover_enabled=\u00bboff|desktop\u00bb sticky_enabled=\u00bb0&#8243;][et_pb_row _builder_version=\u00bb4.27.5&#8243; _module_preset=\u00bbdefault\u00bb column_structure=\u00bb2_5,3_5&#8243; hover_enabled=\u00bb0&#8243; sticky_enabled=\u00bb0&#8243; make_equal=\u00bbon\u00bb width=\u00bb100%\u00bb max_width=\u00bb1280px\u00bb custom_margin_last_edited=\u00bbon|phone\u00bb custom_margin_phone=\u00bb||||false|false\u00bb custom_padding_last_edited=\u00bbon|phone\u00bb custom_padding_phone=\u00bb0px||||false|false\u00bb][et_pb_column _builder_version=\u00bb4.27.5&#8243; _module_preset=\u00bbdefault\u00bb type=\u00bb2_5&#8243; custom_css_main_element=\u00bbmargin: auto 0;\u00bb hover_enabled=\u00bb0&#8243; sticky_enabled=\u00bb0&#8243; custom_css_main_element_last_edited=\u00bbon|phone\u00bb custom_css_main_element_tablet=\u00bbmargin: auto 0;\u00bb custom_css_main_element_phone=\u00bbmargin: auto 0;\u00bb][et_pb_text _builder_version=\u00bb4.27.5&#8243; _module_preset=\u00bbdefault\u00bb text_font_size=\u00bb16px\u00bb text_line_height=\u00bb1.5em\u00bb header_font=\u00bb|&#8211;et_global_body_font_weight|||||||\u00bb header_2_font=\u00bb&#8211;et_global_body_font||||||||\u00bb header_2_text_align=\u00bbleft\u00bb header_2_text_color=\u00bb#767676&#8243; header_2_font_size=\u00bb16px\u00bb header_2_line_height=\u00bb1.5em\u00bb text_orientation=\u00bbcenter\u00bb hover_enabled=\u00bb0&#8243; custom_css_free_form=\u00bb.selector h2 {||  text-transform: none;||  color: #767676!important;||  font-weight: 500;||}\u00bb global_colors_info=\u00bb{}\u00bb sticky_enabled=\u00bb0&#8243; locked=\u00bboff\u00bb]<\/p>\n<p style=\"text-align: left;\"><strong>ATOM Real Estate Developments<\/strong> gestiona todas las fases de una inversi\u00f3n inmobiliaria<\/p>\n<ul style=\"text-align: left;\">\n<li><span>B\u00fasqueda y selecci\u00f3n de los activos inmobiliarios<\/span><\/li>\n<li><span>Negociaci\u00f3n, due diligence y formalizaci\u00f3n de la compra de los activos<\/span><\/li>\n<li><span>Gesti\u00f3n de la financiaci\u00f3n<\/span><\/li>\n<li><span>Organizaci\u00f3n<\/span><\/li>\n<li><span>Planificaci\u00f3n<\/span><\/li>\n<li><span class=\"s1\"><\/span>Arquitectura &amp; Dise\u00f1o<\/li>\n<li><span class=\"s1\"><\/span>Rehabilitaci\u00f3n y Obra nueva<\/li>\n<li class=\"li1\"><span class=\"s1\"><\/span>Comercializaci\u00f3n.<\/li>\n<li><span>Administraci\u00f3n y mantenimiento de los activos.<\/span><\/li>\n<li><span>Asset management: rentabilidad de los activos a trav\u00e9s de nuestra compa\u00f1\u00eda <a href=\"http:\/\/singularentalsmadrid.com\/\" target=\"_blank\" rel=\"noopener noreferrer\">Singular Rentals.<\/a><\/span><\/li>\n<\/ul>\n<h2>Nuestra experiencia ofreciendo servicio integral de promoci\u00f3n inmobiliaria se basa en un an\u00e1lisis riguroso y estrat\u00e9gico.<\/h2>\n<p>[\/et_pb_text][\/et_pb_column][et_pb_column _builder_version=\u00bb4.27.5&#8243; _module_preset=\u00bbdefault\u00bb type=\u00bb3_5&#8243; admin_label=\u00bblistado\u00bb hover_enabled=\u00bb0&#8243; sticky_enabled=\u00bb0&#8243;][et_pb_image src=\u00bbhttps:\/\/www.atomred.com\/wp-content\/uploads\/2024\/05\/cruz-del-rayo-1.jpg\u00bb title_text=\u00bbFull-service real estate developers services by ATOM\u00bb _builder_version=\u00bb4.27.5&#8243; _module_preset=\u00bbdefault\u00bb width=\u00bb100%\u00bb max_width=\u00bb100%\u00bb custom_css_free_form=\u00bb\/*.selector {||  overflow: hidden;||}||.selector img {||  transition: all 300ms linear;||}||.selector img:hover {||  transform: scale(1.1);||}*\/\u00bb global_colors_info=\u00bb{}\u00bb locked=\u00bboff\u00bb][\/et_pb_image][\/et_pb_column][\/et_pb_row][\/et_pb_section][et_pb_section fb_built=\u00bb1&#8243; _builder_version=\u00bb4.27.3&#8243; _module_preset=\u00bbdefault\u00bb custom_margin=\u00bb0px||0px||false|false\u00bb custom_padding=\u00bb0px||0px||true|false\u00bb global_colors_info=\u00bb{}\u00bb][et_pb_row _builder_version=\u00bb4.27.5&#8243; _module_preset=\u00bbdefault\u00bb hover_enabled=\u00bb0&#8243; global_colors_info=\u00bb{}\u00bb width_last_edited=\u00bbon|phone\u00bb width_phone=\u00bb100%\u00bb sticky_enabled=\u00bb0&#8243;][et_pb_column type=\u00bb4_4&#8243; _builder_version=\u00bb4.25.1&#8243; _module_preset=\u00bbdefault\u00bb global_colors_info=\u00bb{}\u00bb][et_pb_divider color=\u00bb#343132&#8243; divider_position=\u00bbbottom\u00bb _builder_version=\u00bb4.25.0&#8243; _module_preset=\u00bbdefault\u00bb width=\u00bb50px\u00bb module_alignment=\u00bbcenter\u00bb min_height=\u00bb10px\u00bb custom_margin=\u00bb0px||20px||false|false\u00bb custom_padding=\u00bb0px||||false|false\u00bb locked=\u00bboff\u00bb global_colors_info=\u00bb{}\u00bb][\/et_pb_divider][et_pb_text _builder_version=\u00bb4.27.5&#8243; _module_preset=\u00bbdefault\u00bb text_font_size=\u00bb20px\u00bb text_line_height=\u00bb1.4em\u00bb width=\u00bb60%\u00bb width_tablet=\u00bb\u00bb width_phone=\u00bb100%\u00bb width_last_edited=\u00bbon|phone\u00bb module_alignment=\u00bbcenter\u00bb custom_margin=\u00bb||10px||false|false\u00bb custom_padding=\u00bb||0px||false|false\u00bb global_colors_info=\u00bb{}\u00bb]<\/p>\n<p style=\"text-align: center;\">Nuestra experiencia cubre todo el espectro de inversi\u00f3n y desarrollo en los sectores residencial y terciario (oficinas).<\/p>\n<p>[\/et_pb_text][et_pb_divider color=\u00bb#343132&#8243; divider_position=\u00bbbottom\u00bb _builder_version=\u00bb4.25.0&#8243; _module_preset=\u00bbdefault\u00bb width=\u00bb50px\u00bb module_alignment=\u00bbcenter\u00bb min_height=\u00bb10px\u00bb custom_margin=\u00bb0px||20px||false|false\u00bb custom_padding=\u00bb0px||||false|false\u00bb locked=\u00bboff\u00bb global_colors_info=\u00bb{}\u00bb][\/et_pb_divider][\/et_pb_column][\/et_pb_row][\/et_pb_section]<\/p>\n","protected":false},"excerpt":{"rendered":"<p>Fundada bajo los principios de excelencia y visi\u00f3n estrat\u00e9gica, ATOM Real Estate Developments destaca en la gesti\u00f3n integral de proyectos inmobiliarios transformando el paisaje urbano. No solo construimos estructuras; creamos oportunidades de inversi\u00f3n de alto valor mediante una mezcla \u00fanica de innovaci\u00f3n arquitect\u00f3nica y un meticuloso conocimiento del mercado. EMPRESAInversi\u00f3n y desarrolloDise\u00f1o y desarrollo integral [&hellip;]<\/p>\n","protected":false},"author":1,"featured_media":0,"parent":0,"menu_order":0,"comment_status":"closed","ping_status":"closed","template":"","meta":{"_acf_changed":false,"_et_pb_use_builder":"on","_et_pb_old_content":"","_et_gb_content_width":"","footnotes":""},"dipi_cpt_category":[],"class_list":["post-2145","page","type-page","status-publish","hentry"],"acf":[],"_links":{"self":[{"href":"https:\/\/www.atomred.com\/es\/wp-json\/wp\/v2\/pages\/2145","targetHints":{"allow":["GET"]}}],"collection":[{"href":"https:\/\/www.atomred.com\/es\/wp-json\/wp\/v2\/pages"}],"about":[{"href":"https:\/\/www.atomred.com\/es\/wp-json\/wp\/v2\/types\/page"}],"author":[{"embeddable":true,"href":"https:\/\/www.atomred.com\/es\/wp-json\/wp\/v2\/users\/1"}],"replies":[{"embeddable":true,"href":"https:\/\/www.atomred.com\/es\/wp-json\/wp\/v2\/comments?post=2145"}],"version-history":[{"count":56,"href":"https:\/\/www.atomred.com\/es\/wp-json\/wp\/v2\/pages\/2145\/revisions"}],"predecessor-version":[{"id":3614,"href":"https:\/\/www.atomred.com\/es\/wp-json\/wp\/v2\/pages\/2145\/revisions\/3614"}],"wp:attachment":[{"href":"https:\/\/www.atomred.com\/es\/wp-json\/wp\/v2\/media?parent=2145"}],"wp:term":[{"taxonomy":"dipi_cpt_category","embeddable":true,"href":"https:\/\/www.atomred.com\/es\/wp-json\/wp\/v2\/dipi_cpt_category?post=2145"}],"curies":[{"name":"wp","href":"https:\/\/api.w.org\/{rel}","templated":true}]}}