{"id":2523,"date":"2025-11-20T14:35:59","date_gmt":"2025-11-20T14:35:59","guid":{"rendered":"https:\/\/www.atomred.com\/promociones-en-curso\/"},"modified":"2026-03-26T20:05:24","modified_gmt":"2026-03-26T20:05:24","slug":"promociones-en-curso","status":"publish","type":"page","link":"https:\/\/www.atomred.com\/es\/promociones-en-curso\/","title":{"rendered":"PROMOCIONES EN CURSO"},"content":{"rendered":"<p>[et_pb_section fb_built=\u00bb1&#8243; admin_label=\u00bbProducts Section\u00bb _builder_version=\u00bb4.27.2&#8243; custom_margin=\u00bb40px||-110px||false|false\u00bb custom_padding=\u00bb0px|0px|60px|0px|false|false\u00bb locked=\u00bboff\u00bb global_colors_info=\u00bb{}\u00bb][et_pb_row admin_label=\u00bbSection Header Row\u00bb _builder_version=\u00bb4.16&#8243; custom_padding=\u00bb0px|0px|27px|0px\u00bb global_colors_info=\u00bb{}\u00bb][et_pb_column type=\u00bb4_4&#8243; _builder_version=\u00bb4.16&#8243; custom_padding=\u00bb|||\u00bb global_colors_info=\u00bb{}\u00bb custom_padding__hover=\u00bb|||\u00bb][et_pb_text _builder_version=\u00bb4.27.5&#8243; _module_preset=\u00bbdefault\u00bb header_text_align=\u00bbcenter\u00bb header_font_size=\u00bb32px\u00bb header_line_height=\u00bb1.1em\u00bb header_2_font=\u00bb||||||||\u00bb header_2_text_align=\u00bbcenter\u00bb header_2_font_size=\u00bb32px\u00bb header_2_line_height=\u00bb1.1em\u00bb custom_margin=\u00bb||0px|||\u00bb custom_padding=\u00bb||0px||false|false\u00bb header_font_size_tablet=\u00bb20px\u00bb header_font_size_phone=\u00bb18px\u00bb header_font_size_last_edited=\u00bbon|phone\u00bb global_colors_info=\u00bb{}\u00bb]<\/p>\n<h1>Promociones en curso<\/h1>\n<p>[\/et_pb_text][et_pb_divider color=\u00bb#343132&#8243; divider_position=\u00bbbottom\u00bb _builder_version=\u00bb4.25.0&#8243; _module_preset=\u00bbdefault\u00bb width=\u00bb50px\u00bb module_alignment=\u00bbcenter\u00bb min_height=\u00bb10px\u00bb custom_margin=\u00bb0px||20px||false|false\u00bb custom_padding=\u00bb0px||||false|false\u00bb global_colors_info=\u00bb{}\u00bb][\/et_pb_divider][\/et_pb_column][\/et_pb_row][et_pb_row column_structure=\u00bb1_2,1_2&#8243; use_custom_gutter=\u00bbon\u00bb admin_label=\u00bbFermin Izquierdo\u00bb _builder_version=\u00bb4.27.4&#8243; max_width=\u00bb1280px\u00bb max_width_tablet=\u00bb610px\u00bb max_width_phone=\u00bb360px\u00bb max_width_last_edited=\u00bbon|phone\u00bb custom_css_free_form=\u00bbselector .et_pb_column .et_pb_image_wrap  {||  overflow: hidden;||}||selector .et_pb_column .et_pb_image_wrap img {||  transition: all 300ms linear;||}||selector .et_pb_column:hover .et_pb_image_wrap img {||  transform: scale(1.1);||}\u00bb locked=\u00bboff\u00bb global_colors_info=\u00bb{}\u00bb][et_pb_column type=\u00bb1_2&#8243; _builder_version=\u00bb4.16&#8243; custom_padding=\u00bb|||\u00bb global_colors_info=\u00bb{}\u00bb custom_padding__hover=\u00bb|||\u00bb][et_pb_image src=\u00bbhttps:\/\/www.atomred.com\/wp-content\/uploads\/2025\/05\/fermin-izquierdo-proyecto.jpg\u00bb title_text=\u00bbRender of a minimalist living room and terrace in a new build apartments in Madrid.\u00bb _builder_version=\u00bb4.27.5&#8243; _module_preset=\u00bbdefault\u00bb width=\u00bb100%\u00bb max_width=\u00bb100%\u00bb global_colors_info=\u00bb{}\u00bb transform_styles__hover_enabled=\u00bbon|desktop\u00bb transform_scale__hover_enabled=\u00bbon|desktop\u00bb transform_translate__hover_enabled=\u00bbon|desktop\u00bb transform_rotate__hover_enabled=\u00bbon|desktop\u00bb transform_skew__hover_enabled=\u00bbon|desktop\u00bb transform_origin__hover_enabled=\u00bbon|desktop\u00bb][\/et_pb_image][et_pb_text _builder_version=\u00bb4.27.5&#8243; _module_preset=\u00bbdefault\u00bb text_font=\u00bb|700||on|||||\u00bb text_text_color=\u00bb#FFFFFF\u00bb text_line_height=\u00bb1.2em\u00bb use_background_color_gradient=\u00bbon\u00bb background_color_gradient_direction=\u00bb213deg\u00bb background_color_gradient_stops=\u00bb#818181 0%|#dbdbdb 49%|#818181 100%\u00bb background_enable_image=\u00bboff\u00bb background_size=\u00bbcontain\u00bb positioning=\u00bbabsolute\u00bb position_origin_a=\u00bbtop_right\u00bb vertical_offset=\u00bb-10px\u00bb horizontal_offset=\u00bb-10px\u00bb text_orientation=\u00bbcenter\u00bb width=\u00bb93px\u00bb custom_margin=\u00bbauto|auto|auto|auto|true|true\u00bb custom_padding=\u00bb10px|10px|10px|10px|false|true\u00bb custom_padding_tablet=\u00bb10px|10px|10px|10px|false|true\u00bb custom_padding_phone=\u00bb|0px||0px|false|true\u00bb custom_padding_last_edited=\u00bbon|tablet\u00bb custom_css_free_form=\u00bb@media only screen and (min-width: 768px) and (max-width: 1024px) and (orientation: portrait) {||    html body .et_pb_text_inner h1, html body .et_pb_text_inner h2, html body .et_pb_text_inner h3, html body .et_pb_text_inner p {||        padding-left: 0px !important;||        padding-right: 0px !important;||    }||}||||@media only screen and (max-width: 767px) and (orientation: portrait) {||    .selector .et_pb_text_inner p {||        padding-left: 0px !important;||        padding-right: 0px !important;||    }||}\u00bb text_text_shadow_style=\u00bbpreset4&#8243; text_text_shadow_horizontal_length=\u00bb0.03em\u00bb text_text_shadow_vertical_length=\u00bb0.03em\u00bb text_text_shadow_blur_strength=\u00bb0.09em\u00bb text_text_shadow_color=\u00bb#343132&#8243; saved_tabs=\u00bball\u00bb global_colors_info=\u00bb{}\u00bb]<\/p>\n<p>63%<br \/>Vendida<\/p>\n<p>[\/et_pb_text][\/et_pb_column][et_pb_column type=\u00bb1_2&#8243; _builder_version=\u00bb4.25.1&#8243; position_origin_r=\u00bbbottom_left\u00bb custom_padding=\u00bb|||\u00bb global_colors_info=\u00bb{}\u00bb custom_padding__hover=\u00bb|||\u00bb][et_pb_text _builder_version=\u00bb4.27.4&#8243; _module_preset=\u00bbdefault\u00bb header_2_font=\u00bb||||||||\u00bb header_2_text_align=\u00bbcenter\u00bb header_2_font_size=\u00bb2.4vw\u00bb header_2_line_height=\u00bb1.3em\u00bb header_3_text_align=\u00bbcenter\u00bb header_3_font_size=\u00bb24px\u00bb custom_margin=\u00bb||0px|||\u00bb custom_padding=\u00bb||0px||false|false\u00bb custom_padding_tablet=\u00bb||0px||false|false\u00bb custom_padding_phone=\u00bb||0px||false|false\u00bb custom_padding_last_edited=\u00bbon|phone\u00bb header_3_font_size_tablet=\u00bb22px\u00bb header_3_font_size_phone=\u00bb20px\u00bb header_3_font_size_last_edited=\u00bbon|phone\u00bb custom_css_free_form=\u00bb@media only screen and (max-width: 767px) and (orientation: portrait) {||   .selector .et_pb_text_inner h3 {||        padding-left: 0px !important;||        padding-right: 0px !important;||    }||}\u00bb global_colors_info=\u00bb{}\u00bb]<\/p>\n<h3 style=\"text-align: left;\">Ferm\u00edn Izquierdo 7<\/h3>\n<p>[\/et_pb_text][et_pb_text _builder_version=\u00bb4.27.4&#8243; _module_preset=\u00bbdefault\u00bb text_line_height=\u00bb2em\u00bb custom_css_free_form=\u00bb.selector h2 {||  display: inline-block;||  width: 100%;||  padding-bottom: 20px;||  margin-bottom: 20px;||  margin-top: 40px;||  border-bottom: solid 1px #cecece;||}||||@media only screen and (max-width: 767px) and (orientation: portrait) {||.selector .et_pb_text_inner p {||        padding-left: 0px !important;||        padding-right: 0px !important;||    }||}\u00bb locked=\u00bboff\u00bb global_colors_info=\u00bb{}\u00bb]<\/p>\n<p><strong>Ferm\u00edn Izquierdo 7<\/strong> es un proyecto de una arquitectura singular cuyo programa consiste en <strong>8 viviendas con trastero, amplio jard\u00edn con piscina orientado al sur, sala comunitaria multiusos, plazas de garaje y espacio para bicicletas.<\/strong><\/p>\n<p>[\/et_pb_text][et_pb_button button_url=\u00bb@ET-DC@eyJkeW5hbWljIjp0cnVlLCJjb250ZW50IjoicG9zdF9saW5rX3VybF9wcm9qZWN0Iiwic2V0dGluZ3MiOnsicG9zdF9pZCI6IjIyNTkiLCJlbmFibGVfaHRtbCI6Im9mZiJ9fQ==@\u00bb button_text=\u00bbVer proyecto\u00bb button_alignment=\u00bbleft\u00bb _builder_version=\u00bb4.27.4&#8243; _dynamic_attributes=\u00bbbutton_url\u00bb _module_preset=\u00bbdefault\u00bb custom_button=\u00bbon\u00bb button_text_size=\u00bb12px\u00bb button_text_color=\u00bb#FFFFFF\u00bb button_bg_color=\u00bb#000000&#8243; button_border_width=\u00bb1px\u00bb button_border_color=\u00bb#343132&#8243; button_border_radius=\u00bb0px\u00bb button_letter_spacing=\u00bb1px\u00bb button_font=\u00bb|||on|||||\u00bb button_use_icon=\u00bboff\u00bb background_layout=\u00bbdark\u00bb custom_padding=\u00bb5px|16px|5px|16px|true|true\u00bb locked=\u00bboff\u00bb global_colors_info=\u00bb{%22gcid-74af6f8b-b08e-4d6c-8907-19ed57a84226%22:%91%22button_bg_color__hover%22,%22button_border_color__hover%22,%22button_bg_color__hover%22,%22button_border_color__hover%22%93}\u00bb button_text_color__hover=\u00bb#FFFFFF\u00bb button_text_color__hover_enabled=\u00bbon|desktop\u00bb button_bg_color__hover=\u00bb#343132&#8243; button_bg_color__hover_enabled=\u00bbon|desktop\u00bb button_border_color__hover=\u00bb#000000&#8243; button_border_color__hover_enabled=\u00bbon|desktop\u00bb custom_margin__hover_enabled=\u00bbon|desktop\u00bb][\/et_pb_button][\/et_pb_column][\/et_pb_row][et_pb_row column_structure=\u00bb1_2,1_2&#8243; use_custom_gutter=\u00bbon\u00bb _builder_version=\u00bb4.27.4&#8243; max_width=\u00bb1280px\u00bb max_width_tablet=\u00bb610px\u00bb max_width_phone=\u00bb360px\u00bb max_width_last_edited=\u00bbon|phone\u00bb custom_css_free_form=\u00bbselector .et_pb_column .et_pb_image_wrap  {||  overflow: hidden;||}||selector .et_pb_column .et_pb_image_wrap img {||  transition: all 300ms linear;||}||selector .et_pb_column:hover .et_pb_image_wrap img {||  transform: scale(1.1);||}\u00bb locked=\u00bboff\u00bb global_colors_info=\u00bb{}\u00bb][et_pb_column type=\u00bb1_2&#8243; _builder_version=\u00bb4.16&#8243; custom_padding=\u00bb|||\u00bb global_colors_info=\u00bb{}\u00bb custom_padding__hover=\u00bb|||\u00bb][et_pb_image src=\u00bbhttps:\/\/www.atomred.com\/wp-content\/uploads\/2024\/11\/muller-21.jpg\u00bb title_text=\u00bbNew build apartments at M\u00fcller 21, Tetuan (Madrid). Modern architecture facade by ATOM developments.\u00bb _builder_version=\u00bb4.27.5&#8243; _module_preset=\u00bbdefault\u00bb width=\u00bb100%\u00bb max_width=\u00bb100%\u00bb global_colors_info=\u00bb{}\u00bb transform_styles__hover_enabled=\u00bbon|desktop\u00bb transform_scale__hover_enabled=\u00bbon|desktop\u00bb transform_translate__hover_enabled=\u00bbon|desktop\u00bb transform_rotate__hover_enabled=\u00bbon|desktop\u00bb transform_skew__hover_enabled=\u00bbon|desktop\u00bb transform_origin__hover_enabled=\u00bbon|desktop\u00bb][\/et_pb_image][et_pb_text _builder_version=\u00bb4.27.5&#8243; _module_preset=\u00bbdefault\u00bb text_font=\u00bb|700||on|||||\u00bb text_text_color=\u00bb#FFFFFF\u00bb text_line_height=\u00bb1.2em\u00bb use_background_color_gradient=\u00bbon\u00bb background_color_gradient_direction=\u00bb213deg\u00bb background_color_gradient_stops=\u00bb#818181 0%|#dbdbdb 49%|#818181 100%\u00bb background_enable_image=\u00bboff\u00bb background_size=\u00bbcontain\u00bb positioning=\u00bbabsolute\u00bb position_origin_a=\u00bbtop_right\u00bb vertical_offset=\u00bb-10px\u00bb horizontal_offset=\u00bb-10px\u00bb text_orientation=\u00bbcenter\u00bb width=\u00bb93px\u00bb custom_margin=\u00bbauto|auto|auto|auto|true|true\u00bb custom_padding=\u00bb10px|10px|10px|10px|false|true\u00bb hover_enabled=\u00bb0&#8243; text_text_shadow_style=\u00bbpreset4&#8243; text_text_shadow_horizontal_length=\u00bb0.03em\u00bb text_text_shadow_vertical_length=\u00bb0.03em\u00bb text_text_shadow_blur_strength=\u00bb0.09em\u00bb text_text_shadow_color=\u00bb#343132&#8243; saved_tabs=\u00bball\u00bb global_colors_info=\u00bb{}\u00bb sticky_enabled=\u00bb0&#8243;]<\/p>\n<p>100%<br \/>Vendida<\/p>\n<p>[\/et_pb_text][\/et_pb_column][et_pb_column type=\u00bb1_2&#8243; _builder_version=\u00bb4.25.1&#8243; position_origin_r=\u00bbbottom_left\u00bb custom_padding=\u00bb|||\u00bb global_colors_info=\u00bb{}\u00bb custom_padding__hover=\u00bb|||\u00bb][et_pb_text _builder_version=\u00bb4.27.2&#8243; _module_preset=\u00bbdefault\u00bb header_2_font=\u00bb||||||||\u00bb header_2_text_align=\u00bbcenter\u00bb header_2_font_size=\u00bb2.4vw\u00bb header_2_line_height=\u00bb1.3em\u00bb header_3_text_align=\u00bbcenter\u00bb header_3_font_size=\u00bb24px\u00bb custom_margin=\u00bb||0px|||\u00bb custom_padding=\u00bb||0px||false|false\u00bb header_3_font_size_tablet=\u00bb22px\u00bb header_3_font_size_phone=\u00bb20px\u00bb header_3_font_size_last_edited=\u00bbon|phone\u00bb global_colors_info=\u00bb{}\u00bb]<\/p>\n<h3 style=\"text-align: left;\">M\u00fcller 21<\/h3>\n<p>[\/et_pb_text][et_pb_text _builder_version=\u00bb4.27.5&#8243; _module_preset=\u00bbdefault\u00bb text_line_height=\u00bb2em\u00bb custom_css_free_form=\u00bb.selector h2 {||  display: inline-block;||  width: 100%;||  padding-bottom: 20px;||  margin-bottom: 20px;||  margin-top: 40px;||  border-bottom: solid 1px #cecece;||}\u00bb locked=\u00bboff\u00bb global_colors_info=\u00bb{}\u00bb]<\/p>\n<p><strong>M\u00fcller 21<\/strong> es una promoci\u00f3n de <strong>viviendas<\/strong> con una<strong> arquitectura excepcional<\/strong> y la<strong> m\u00e1xima calificaci\u00f3n energ\u00e9tica<\/strong>, estrat\u00e9gicamente ubicada en el centro de Madrid, concretamente en el Distrito de Tetu\u00e1n, actualmente el de mayor transformaci\u00f3n de la ciudad. La promoci\u00f3n se encuentra a <strong>escasos minutos<\/strong> de <strong>Plaza Castilla, Plaza de Cuzco<\/strong> y las <strong>Cinco Torres,<\/strong> entre estas \u00faltimas <strong>Torre Caleido &#8211; IE University.<\/strong><\/p>\n<p>[\/et_pb_text][et_pb_button button_url=\u00bb@ET-DC@eyJkeW5hbWljIjp0cnVlLCJjb250ZW50IjoicG9zdF9saW5rX3VybF9wcm9qZWN0Iiwic2V0dGluZ3MiOnsicG9zdF9pZCI6IjE3MDQiLCJlbmFibGVfaHRtbCI6Im9mZiJ9fQ==@\u00bb button_text=\u00bbVer proyecto\u00bb button_alignment=\u00bbleft\u00bb _builder_version=\u00bb4.27.3&#8243; _dynamic_attributes=\u00bbbutton_url\u00bb _module_preset=\u00bbdefault\u00bb custom_button=\u00bbon\u00bb button_text_size=\u00bb12px\u00bb button_text_color=\u00bb#FFFFFF\u00bb button_bg_color=\u00bb#000000&#8243; button_border_width=\u00bb1px\u00bb button_border_color=\u00bb#343132&#8243; button_border_radius=\u00bb0px\u00bb button_letter_spacing=\u00bb1px\u00bb button_font=\u00bb|||on|||||\u00bb button_use_icon=\u00bboff\u00bb background_layout=\u00bbdark\u00bb custom_padding=\u00bb5px|16px|5px|16px|true|true\u00bb global_colors_info=\u00bb{%22gcid-74af6f8b-b08e-4d6c-8907-19ed57a84226%22:%91%22button_bg_color__hover%22,%22button_border_color__hover%22,%22button_bg_color__hover%22,%22button_border_color__hover%22%93}\u00bb button_text_color__hover=\u00bb#FFFFFF\u00bb button_text_color__hover_enabled=\u00bbon|desktop\u00bb button_bg_color__hover=\u00bb#343132&#8243; button_bg_color__hover_enabled=\u00bbon|desktop\u00bb button_border_color__hover=\u00bb#000000&#8243; button_border_color__hover_enabled=\u00bbon|desktop\u00bb custom_margin__hover_enabled=\u00bbon|desktop\u00bb][\/et_pb_button][\/et_pb_column][\/et_pb_row][\/et_pb_section][et_pb_section fb_built=\u00bb1&#8243; _builder_version=\u00bb4.27.3&#8243; _module_preset=\u00bbdefault\u00bb custom_margin=\u00bb0px||0px||false|false\u00bb custom_padding=\u00bb0px||0px||true|false\u00bb locked=\u00bboff\u00bb global_colors_info=\u00bb{}\u00bb][et_pb_row _builder_version=\u00bb4.25.1&#8243; _module_preset=\u00bbdefault\u00bb global_colors_info=\u00bb{}\u00bb][et_pb_column type=\u00bb4_4&#8243; _builder_version=\u00bb4.25.1&#8243; _module_preset=\u00bbdefault\u00bb global_colors_info=\u00bb{}\u00bb][et_pb_divider color=\u00bb#343132&#8243; divider_position=\u00bbbottom\u00bb _builder_version=\u00bb4.25.0&#8243; _module_preset=\u00bbdefault\u00bb width=\u00bb50px\u00bb module_alignment=\u00bbcenter\u00bb min_height=\u00bb10px\u00bb custom_margin=\u00bb0px||20px||false|false\u00bb custom_padding=\u00bb0px||||false|false\u00bb locked=\u00bboff\u00bb global_colors_info=\u00bb{}\u00bb][\/et_pb_divider][et_pb_text _builder_version=\u00bb4.27.5&#8243; _module_preset=\u00bbdefault\u00bb text_font_size=\u00bb20px\u00bb text_line_height=\u00bb1.4em\u00bb width=\u00bb60%\u00bb width_tablet=\u00bb\u00bb width_phone=\u00bb100%\u00bb width_last_edited=\u00bbon|phone\u00bb module_alignment=\u00bbcenter\u00bb global_colors_info=\u00bb{}\u00bb]<\/p>\n<p style=\"text-align: center;\"><a href=\"https:\/\/www.atomred.com\/es\/contacto\/\">Cont\u00e1ctanos<\/a> para m\u00e1s detalles sobre nuestros desarrollos inmobiliarios en Madrid.<\/p>\n<p>[\/et_pb_text][et_pb_divider color=\u00bb#343132&#8243; divider_position=\u00bbbottom\u00bb _builder_version=\u00bb4.25.0&#8243; _module_preset=\u00bbdefault\u00bb width=\u00bb50px\u00bb module_alignment=\u00bbcenter\u00bb min_height=\u00bb10px\u00bb custom_margin=\u00bb0px||20px||false|false\u00bb custom_padding=\u00bb0px||||false|false\u00bb locked=\u00bboff\u00bb global_colors_info=\u00bb{}\u00bb][\/et_pb_divider][\/et_pb_column][\/et_pb_row][\/et_pb_section]<\/p>\n","protected":false},"excerpt":{"rendered":"<p>Promociones en curso63%VendidaFerm\u00edn Izquierdo 7Ferm\u00edn Izquierdo 7 es un proyecto de una arquitectura singular cuyo programa consiste en 8 viviendas con trastero, amplio jard\u00edn con piscina orientado al sur, sala comunitaria multiusos, plazas de garaje y espacio para bicicletas.100%VendidaM\u00fcller 21M\u00fcller 21 es una promoci\u00f3n de viviendas con una arquitectura excepcional y la m\u00e1xima calificaci\u00f3n energ\u00e9tica, [&hellip;]<\/p>\n","protected":false},"author":1,"featured_media":0,"parent":0,"menu_order":0,"comment_status":"closed","ping_status":"closed","template":"","meta":{"_acf_changed":false,"_et_pb_use_builder":"on","_et_pb_old_content":"","_et_gb_content_width":"","footnotes":""},"dipi_cpt_category":[],"class_list":["post-2523","page","type-page","status-publish","hentry"],"acf":[],"_links":{"self":[{"href":"https:\/\/www.atomred.com\/es\/wp-json\/wp\/v2\/pages\/2523","targetHints":{"allow":["GET"]}}],"collection":[{"href":"https:\/\/www.atomred.com\/es\/wp-json\/wp\/v2\/pages"}],"about":[{"href":"https:\/\/www.atomred.com\/es\/wp-json\/wp\/v2\/types\/page"}],"author":[{"embeddable":true,"href":"https:\/\/www.atomred.com\/es\/wp-json\/wp\/v2\/users\/1"}],"replies":[{"embeddable":true,"href":"https:\/\/www.atomred.com\/es\/wp-json\/wp\/v2\/comments?post=2523"}],"version-history":[{"count":50,"href":"https:\/\/www.atomred.com\/es\/wp-json\/wp\/v2\/pages\/2523\/revisions"}],"predecessor-version":[{"id":3628,"href":"https:\/\/www.atomred.com\/es\/wp-json\/wp\/v2\/pages\/2523\/revisions\/3628"}],"wp:attachment":[{"href":"https:\/\/www.atomred.com\/es\/wp-json\/wp\/v2\/media?parent=2523"}],"wp:term":[{"taxonomy":"dipi_cpt_category","embeddable":true,"href":"https:\/\/www.atomred.com\/es\/wp-json\/wp\/v2\/dipi_cpt_category?post=2523"}],"curies":[{"name":"wp","href":"https:\/\/api.w.org\/{rel}","templated":true}]}}