{"id":3341,"date":"2026-01-15T18:48:53","date_gmt":"2026-01-15T18:48:53","guid":{"rendered":"https:\/\/www.atomred.com\/declaracion-de-accesibilidad\/"},"modified":"2026-01-15T19:07:37","modified_gmt":"2026-01-15T19:07:37","slug":"declaracion-de-accesibilidad","status":"publish","type":"page","link":"https:\/\/www.atomred.com\/es\/declaracion-de-accesibilidad\/","title":{"rendered":"Declaraci\u00f3n de Accesibilidad"},"content":{"rendered":"<p>[et_pb_section fb_built=\u00bb1&#8243; admin_label=\u00bbText\u00bb _builder_version=\u00bb4.17.6&#8243; _module_preset=\u00bbdefault\u00bb locked=\u00bboff\u00bb collapsed=\u00bbon\u00bb global_colors_info=\u00bb{}\u00bb][et_pb_row _builder_version=\u00bb4.17.6&#8243; _module_preset=\u00bb5138c454-be54-4233-bd3b-f8e6a8747976&#8243; global_colors_info=\u00bb{}\u00bb][et_pb_column type=\u00bb4_4&#8243; _builder_version=\u00bb4.16&#8243; _module_preset=\u00bb73121f80-a3ef-4484-8763-c3f18e3c56d2&#8243; global_colors_info=\u00bb{}\u00bb][et_pb_heading title=\u00bbDeclaraci\u00f3n de Accesibilidad\u00bb _builder_version=\u00bb4.27.5&#8243; _module_preset=\u00bbc33f07d9-41e0-421a-8799-5799df695cce\u00bb title_level=\u00bbh2&#8243; title_font=\u00bbIBM Plex Sans Condensed|IBM Plex Sans Condensed_weight|||||||\u00bb title_text_color=\u00bb#111111&#8243; title_font_size=\u00bb50px\u00bb title_line_height=\u00bb1.2em\u00bb custom_margin=\u00bb||10px||false|false\u00bb hover_enabled=\u00bb0&#8243; title_font_size_tablet=\u00bb28px\u00bb title_font_size_phone=\u00bb20px\u00bb title_font_size_last_edited=\u00bbon|phone\u00bb locked=\u00bboff\u00bb global_colors_info=\u00bb{%22#0e0c19%22:%91%22title_text_color%22,%22title_text_color%22%93}\u00bb sticky_enabled=\u00bb0&#8243;][\/et_pb_heading][et_pb_heading title=\u00bb\u00daltima modificaci\u00f3n: 15 de enero de 2026&#8243; _builder_version=\u00bb4.27.5&#8243; _module_preset=\u00bbf0c675ea-2574-4d0e-b725-30f8550a8550&#8243; title_level=\u00bbh4&#8243; title_font=\u00bbIBM Plex Sans|IBM Plex Sans Condensed_weight||on|||||\u00bb title_text_color=\u00bb#457b9d\u00bb title_font_size=\u00bb14px\u00bb title_letter_spacing=\u00bb1px\u00bb title_line_height=\u00bb1.4em\u00bb custom_margin=\u00bb||10px||false|false\u00bb hover_enabled=\u00bb0&#8243; title_font_size_tablet=\u00bb13px\u00bb title_font_size_phone=\u00bb13px\u00bb title_font_size_last_edited=\u00bbon|desktop\u00bb locked=\u00bboff\u00bb global_colors_info=\u00bb{%22#457b9d%22:%91%22title_text_color%22%93}\u00bb sticky_enabled=\u00bb0&#8243;][\/et_pb_heading][\/et_pb_column][\/et_pb_row][et_pb_row _builder_version=\u00bb4.27.2&#8243; _module_preset=\u00bbdefault\u00bb custom_margin=\u00bb0px||||false|false\u00bb custom_padding=\u00bb0px||||false|false\u00bb global_colors_info=\u00bb{}\u00bb][et_pb_column type=\u00bb4_4&#8243; _builder_version=\u00bb4.27.2&#8243; _module_preset=\u00bbdefault\u00bb global_colors_info=\u00bb{}\u00bb][et_pb_text _builder_version=\u00bb4.27.5&#8243; _module_preset=\u00bbdefault\u00bb header_2_font_size=\u00bb30px\u00bb header_2_line_height=\u00bb1.2em\u00bb header_3_font_size=\u00bb20px\u00bb header_3_line_height=\u00bb1.4em\u00bb custom_margin=\u00bb||||false|false\u00bb hover_enabled=\u00bb0&#8243; custom_css_free_form=\u00bbselector h2 {||  margin-top: 30px;||}||selector h3 {||  margin-top: 15px;||}||selector li {||  margin-left: 15px;||}\u00bb global_colors_info=\u00bb{}\u00bb sticky_enabled=\u00bb0&#8243;]<\/p>\n<p class=\"p6\"><span class=\"s1\"> Atom Developments SL se ha comprometido a hacer accesible su sitio web de conformidad con el Real Decreto 1112\/2018, de 7 de septiembre, sobre accesibilidad de los sitios web y aplicaciones para dispositivos m\u00f3viles del sector p\u00fablico (que traspone la Directiva (UE) 2016\/2102 del Parlamento Europeo y del Consejo).<\/span><\/p>\n<h3>Situaci\u00f3n de cumplimiento<\/h3>\n<p class=\"p6\"><span class=\"s1\">Este sitio web es <b>parcialmente conforme<\/b> con el est\u00e1ndar <b>WCAG 2.1 nivel AA<\/b> debido a las excepciones y a la falta de conformidad de los aspectos que se indican a continuaci\u00f3n.<\/span><\/p>\n<h3>Contenido no accesible<\/h3>\n<p class=\"p6\"><span class=\"s1\">El contenido que se recoge a continuaci\u00f3n no es accesible por lo siguiente:<\/span><\/p>\n<ul>\n<li><b>Falta de conformidad con el RD 1112\/2018:<\/b> Pueden existir fallos puntuales de edici\u00f3n en alguna p\u00e1gina web, como la presencia de enlaces redundantes o alertas menores en el etiquetado de formularios que se encuentran en proceso de revisi\u00f3n y mejora continua.<\/li>\n<li><b>Carga desproporcionada:<\/b> No se aplica.<\/li>\n<\/ul>\n<h3>Preparaci\u00f3n de la presente declaraci\u00f3n de accesibilidad<\/h3>\n<p class=\"p6\"><span class=\"s1\">La presente declaraci\u00f3n fue preparada el <b>15 de enero de 2026.<\/b><\/span><\/p>\n<p class=\"p6\"><span class=\"s1\">El m\u00e9todo empleado para la presente declaraci\u00f3n ha sido una <b>autoevaluaci\u00f3n<\/b> realizada con herramientas de auditor\u00eda externa como <b>Lighthouse<\/b> y <b>WAVE, <\/b>obteniendo una calificaci\u00f3n t\u00e9cnica de accesibilidad del <b>96% <\/b>y <b>9.7\/10 <\/b>respectivamente.<\/span><\/p>\n<h3>Mecanismo de comunicaci\u00f3n y datos de contacto<\/h3>\n<p class=\"p6\"><span class=\"s1\">Si encuentras cualquier barrera de accesibilidad o necesitas realizar una consulta, puedes ponerte en contacto con nosotros a trav\u00e9s de nuestro canal gen\u00e9rico:<\/span><\/p>\n<ul>\n<li>Email:<a href=\"mailto:comercial@atomred.com\" target=\"_blank\" rel=\"noopener\"> comercial@atomred.com<\/a><\/li>\n<\/ul>\n<p>[\/et_pb_text][\/et_pb_column][\/et_pb_row][\/et_pb_section]<\/p>\n","protected":false},"excerpt":{"rendered":"<p>Atom Developments SL se ha comprometido a hacer accesible su sitio web de conformidad con el Real Decreto 1112\/2018, de 7 de septiembre, sobre accesibilidad de los sitios web y aplicaciones para dispositivos m\u00f3viles del sector p\u00fablico (que traspone la Directiva (UE) 2016\/2102 del Parlamento Europeo y del Consejo). Situaci\u00f3n de cumplimiento Este sitio web [&hellip;]<\/p>\n","protected":false},"author":1,"featured_media":0,"parent":0,"menu_order":0,"comment_status":"closed","ping_status":"closed","template":"","meta":{"_acf_changed":false,"_et_pb_use_builder":"on","_et_pb_old_content":"","_et_gb_content_width":"","footnotes":""},"dipi_cpt_category":[],"class_list":["post-3341","page","type-page","status-publish","hentry"],"acf":[],"_links":{"self":[{"href":"https:\/\/www.atomred.com\/es\/wp-json\/wp\/v2\/pages\/3341","targetHints":{"allow":["GET"]}}],"collection":[{"href":"https:\/\/www.atomred.com\/es\/wp-json\/wp\/v2\/pages"}],"about":[{"href":"https:\/\/www.atomred.com\/es\/wp-json\/wp\/v2\/types\/page"}],"author":[{"embeddable":true,"href":"https:\/\/www.atomred.com\/es\/wp-json\/wp\/v2\/users\/1"}],"replies":[{"embeddable":true,"href":"https:\/\/www.atomred.com\/es\/wp-json\/wp\/v2\/comments?post=3341"}],"version-history":[{"count":2,"href":"https:\/\/www.atomred.com\/es\/wp-json\/wp\/v2\/pages\/3341\/revisions"}],"predecessor-version":[{"id":3343,"href":"https:\/\/www.atomred.com\/es\/wp-json\/wp\/v2\/pages\/3341\/revisions\/3343"}],"wp:attachment":[{"href":"https:\/\/www.atomred.com\/es\/wp-json\/wp\/v2\/media?parent=3341"}],"wp:term":[{"taxonomy":"dipi_cpt_category","embeddable":true,"href":"https:\/\/www.atomred.com\/es\/wp-json\/wp\/v2\/dipi_cpt_category?post=3341"}],"curies":[{"name":"wp","href":"https:\/\/api.w.org\/{rel}","templated":true}]}}