{"id":960,"date":"2024-06-10T09:21:32","date_gmt":"2024-06-10T09:21:32","guid":{"rendered":"https:\/\/www.atomred.com\/team\/"},"modified":"2026-02-10T10:00:25","modified_gmt":"2026-02-10T10:00:25","slug":"equipo","status":"publish","type":"page","link":"https:\/\/www.atomred.com\/es\/equipo\/","title":{"rendered":"Equipo"},"content":{"rendered":"<p>[et_pb_section fb_built=\u00bb1&#8243; _builder_version=\u00bb4.27.2&#8243; _module_preset=\u00bbdefault\u00bb custom_padding=\u00bb||0px||false|false\u00bb global_colors_info=\u00bb{}\u00bb][et_pb_row _builder_version=\u00bb4.27.4&#8243; _module_preset=\u00bbdefault\u00bb width=\u00bb60%\u00bb width_tablet=\u00bb60%\u00bb width_phone=\u00bb90%\u00bb width_last_edited=\u00bbon|phone\u00bb global_colors_info=\u00bb{}\u00bb][et_pb_column type=\u00bb4_4&#8243; _builder_version=\u00bb4.25.1&#8243; _module_preset=\u00bbdefault\u00bb global_colors_info=\u00bb{}\u00bb][et_pb_text _builder_version=\u00bb4.27.2&#8243; _module_preset=\u00bbdefault\u00bb header_font=\u00bb|||on|||||\u00bb header_text_align=\u00bbcenter\u00bb header_font_size=\u00bb32px\u00bb header_3_font=\u00bb|||||||gcid-10fb3e60-1c9b-4aec-9454-146806b95759|\u00bb header_3_text_align=\u00bbcenter\u00bb header_3_font_size=\u00bb13px\u00bb header_4_text_align=\u00bbcenter\u00bb header_4_font_size=\u00bb16px\u00bb custom_margin=\u00bb0px||0px||false|false\u00bb custom_padding=\u00bb0px||0px||false|false\u00bb global_colors_info=\u00bb{%22gcid-10fb3e60-1c9b-4aec-9454-146806b95759%22:%91%22border_color_bottom%22%93}\u00bb]<\/p>\n<h1>EQUIPO<\/h1>\n<p>[\/et_pb_text][et_pb_divider color=\u00bb#343132&#8243; divider_position=\u00bbbottom\u00bb _builder_version=\u00bb4.25.0&#8243; _module_preset=\u00bbdefault\u00bb width=\u00bb50px\u00bb module_alignment=\u00bbcenter\u00bb height=\u00bb10px\u00bb custom_margin=\u00bb0px||20px||false|false\u00bb custom_padding=\u00bb0px||0px||false|false\u00bb global_colors_info=\u00bb{}\u00bb][\/et_pb_divider][et_pb_text _builder_version=\u00bb4.27.5&#8243; _module_preset=\u00bbdefault\u00bb text_font_size=\u00bb16px\u00bb text_line_height=\u00bb1.5em\u00bb text_orientation=\u00bbcenter\u00bb custom_padding=\u00bb||0px||false|false\u00bb hover_enabled=\u00bb0&#8243; global_colors_info=\u00bb{}\u00bb sticky_enabled=\u00bb0&#8243;]<\/p>\n<p><strong>ATOM Real Estate Developments<\/strong><span> <\/span><span>est\u00e1 formada por un equipo de gesti\u00f3n inmobiliaria altamente cualificado de profesionales que a\u00f1ade valor a cada una de las fases de los procesos de inversi\u00f3n, explotaci\u00f3n, gesti\u00f3n y transferencia de activos, optimizando las transacciones y asegurando el \u00e9xito de cada operaci\u00f3n.<\/span><\/p>\n<p>[\/et_pb_text][\/et_pb_column][\/et_pb_row][\/et_pb_section][et_pb_section fb_built=\u00bb1&#8243; _builder_version=\u00bb4.25.1&#8243; _module_preset=\u00bbdefault\u00bb global_colors_info=\u00bb{}\u00bb][et_pb_row column_structure=\u00bb1_2,1_2&#8243; _builder_version=\u00bb4.27.5&#8243; _module_preset=\u00bbdefault\u00bb width=\u00bb60%\u00bb width_tablet=\u00bb60%\u00bb width_phone=\u00bb80%\u00bb width_last_edited=\u00bbon|phone\u00bb global_colors_info=\u00bb{}\u00bb custom_css_main_element_last_edited=\u00bbon|phone\u00bb custom_css_main_element_phone=\u00bb flex-direction: column;||\u00bb custom_css_main_element_tablet=\u00bbdisplay: flex;||align-items: center;\u00bb][et_pb_column type=\u00bb1_2&#8243; _builder_version=\u00bb4.25.1&#8243; _module_preset=\u00bbdefault\u00bb global_colors_info=\u00bb{}\u00bb][et_pb_text _builder_version=\u00bb4.27.5&#8243; _module_preset=\u00bbdefault\u00bb hover_enabled=\u00bb0&#8243; custom_css_free_form=\u00bb.gfw-team-pic {||  display: flex;||  flex-direction: column;||  justify-content: flex-start;||  align-items: center;||  text-align: center;||}||.gfw-team-pic img {||  display: block;||  width: 100%!important;||  min-width: inherit!important;||  max-width: 600px!important;||\theight: auto;||}||.gfw-team-pic span {||  display: block;||  width: 100%;||  padding-left: 15px;||  text-align: right;||  font-size: 12px;||line-height: 1em;||margin: 0 0 20px 0;||  transform: translate(0, -5px);||}||.gfw-team-pic h2 {||  display: block;||  width: 100%;||  text-align: center;||}\u00bb global_colors_info=\u00bb{}\u00bb sticky_enabled=\u00bb0&#8243;]<\/p>\n<div class=\"gfw-team-pic\">\n<p><img decoding=\"async\" src=\"https:\/\/www.atomred.com\/wp-content\/uploads\/2026\/01\/equipo-atom.jpg\" alt=\"Equipo de gesti\u00f3n inmobiliaria de ATOM en las oficinas de Madrid.\"><br \/>\n<span>\u00a9 Foto: Bia Sanches<\/span><\/p>\n<h2>CHRISTIAN POSTIGO<\/h2>\n<\/div>\n<p>[\/et_pb_text][\/et_pb_column][et_pb_column type=\u00bb1_2&#8243; _builder_version=\u00bb4.25.1&#8243; _module_preset=\u00bbdefault\u00bb global_colors_info=\u00bb{}\u00bb][et_pb_text _builder_version=\u00bb4.27.5&#8243; _module_preset=\u00bbdefault\u00bb text_font_size=\u00bb16px\u00bb text_line_height=\u00bb1.5em\u00bb text_orientation=\u00bbcenter\u00bb custom_padding=\u00bb||0px||false|false\u00bb global_colors_info=\u00bb{}\u00bb]<\/p>\n<p style=\"text-align: left;\">Al frente de <strong>ATOM Real Estate Developments<\/strong> se encuentra Christian Postigo S\u00e1enz de Buruaga, con m\u00e1s de 25 a\u00f1os de experiencia en promoci\u00f3n inmobiliaria -actividad que comenz\u00f3 con LOFTSPAIN (XX Premio de Urbanismo y Arquitectura 2005 del Ayuntamiento de Madrid)- en los que ha desarrollado un n\u00famero importante de promociones inmobiliarias residenciales y terciarias <\/p>\n<p>[\/et_pb_text][\/et_pb_column][\/et_pb_row][\/et_pb_section][et_pb_section fb_built=\u00bb1&#8243; module_class=\u00bbgfw-team-footer\u00bb _builder_version=\u00bb4.27.5&#8243; _module_preset=\u00bbdefault\u00bb custom_margin=\u00bb40px||0px||false|false\u00bb custom_padding=\u00bb40px||40px||false|false\u00bb custom_css_free_form=\u00bb.gfw-team-footer {display: none!important;}\u00bb border_width_top=\u00bb1px\u00bb border_color_top=\u00bb#F4F4F4&#8243; collapsed=\u00bboff\u00bb global_colors_info=\u00bb{}\u00bb][et_pb_row column_structure=\u00bb1_3,1_3,1_3&#8243; _builder_version=\u00bb4.24.3&#8243; _module_preset=\u00bbdefault\u00bb custom_margin=\u00bb0px||0px||true|false\u00bb custom_padding=\u00bb0px||0px||false|false\u00bb global_colors_info=\u00bb{}\u00bb][et_pb_column type=\u00bb1_3&#8243; _builder_version=\u00bb4.24.3&#8243; _module_preset=\u00bbdefault\u00bb global_colors_info=\u00bb{}\u00bb][et_pb_text _builder_version=\u00bb4.27.4&#8243; _module_preset=\u00bbdefault\u00bb custom_margin=\u00bb||5px||false|false\u00bb custom_padding=\u00bb||5px||false|false\u00bb global_colors_info=\u00bb{}\u00bb]<\/p>\n<p>C\/ Gran V\u00eda, 64 &#8211; 5\u00ba dcha.<br \/>Madrid 28013<br \/><a href=\"mailto:comercial@atomred.com\">comercial@atomred.com<\/a><br \/>T <a href=\"tel:+34670891626\" target=\"_blank\" rel=\"noopener\">+34 670 891 626<\/a><\/p>\n<p>[\/et_pb_text][et_pb_social_media_follow _builder_version=\u00bb4.27.4&#8243; _module_preset=\u00bbdefault\u00bb custom_margin=\u00bb|||0px|false|false\u00bb custom_margin_tablet=\u00bb|||25px|false|false\u00bb custom_margin_phone=\u00bb\u00bb custom_margin_last_edited=\u00bbon|desktop\u00bb custom_padding=\u00bb||||false|false\u00bb global_colors_info=\u00bb{}\u00bb][et_pb_social_media_follow_network social_network=\u00bbinstagram\u00bb url=\u00bbhttps:\/\/www.instagram.com\/atom.developments\/#\u00bb _builder_version=\u00bb4.27.4&#8243; _module_preset=\u00bbdefault\u00bb background_color=\u00bb#ea2c59&#8243; global_colors_info=\u00bb{}\u00bb custom_margin__hover_enabled=\u00bbon|desktop\u00bb follow_button=\u00bboff\u00bb url_new_window=\u00bbon\u00bb]instagram[\/et_pb_social_media_follow_network][\/et_pb_social_media_follow][\/et_pb_column][et_pb_column type=\u00bb1_3&#8243; _builder_version=\u00bb4.24.3&#8243; _module_preset=\u00bbdefault\u00bb global_colors_info=\u00bb{}\u00bb][et_pb_text _builder_version=\u00bb4.27.4&#8243; _module_preset=\u00bbdefault\u00bb global_colors_info=\u00bb{}\u00bb]<\/p>\n<p><a href=\"https:\/\/www.atomred.com\/es\/politica-de-privacidad\/\">Pol\u00edtica de Privacidad<\/a><br \/><a href=\"https:\/\/www.atomred.com\/es\/contacto\/\">Contacto<\/a><\/p>\n<p>\u00a9 2018-2026 Atom Developments, S.L.<\/p>\n<p>[\/et_pb_text][\/et_pb_column][et_pb_column type=\u00bb1_3&#8243; _builder_version=\u00bb4.24.3&#8243; _module_preset=\u00bbdefault\u00bb global_colors_info=\u00bb{}\u00bb][et_pb_image src=\u00bbhttps:\/\/www.atomred.com\/wp-content\/uploads\/2024\/04\/ATOM-dark.svg\u00bb title_text=\u00bbATOM\u00bb url=\u00bb@ET-DC@eyJkeW5hbWljIjp0cnVlLCJjb250ZW50IjoiaG9tZV91cmwiLCJzZXR0aW5ncyI6e319@\u00bb _builder_version=\u00bb4.24.3&#8243; _dynamic_attributes=\u00bburl\u00bb _module_preset=\u00bbdefault\u00bb width=\u00bb85%\u00bb max_width=\u00bb250px\u00bb module_alignment=\u00bbright\u00bb global_colors_info=\u00bb{}\u00bb][\/et_pb_image][\/et_pb_column][\/et_pb_row][\/et_pb_section]<\/p>\n","protected":false},"excerpt":{"rendered":"<p>EQUIPOATOM Real Estate Developments est\u00e1 formada por un equipo de gesti\u00f3n inmobiliaria altamente cualificado de profesionales que a\u00f1ade valor a cada una de las fases de los procesos de inversi\u00f3n, explotaci\u00f3n, gesti\u00f3n y transferencia de activos, optimizando las transacciones y asegurando el \u00e9xito de cada operaci\u00f3n. \u00a9 Foto: Bia Sanches CHRISTIAN POSTIGO Al frente de [&hellip;]<\/p>\n","protected":false},"author":1,"featured_media":0,"parent":0,"menu_order":0,"comment_status":"closed","ping_status":"closed","template":"","meta":{"_acf_changed":false,"_et_pb_use_builder":"on","_et_pb_old_content":"","_et_gb_content_width":"","footnotes":""},"dipi_cpt_category":[],"class_list":["post-960","page","type-page","status-publish","hentry"],"acf":[],"_links":{"self":[{"href":"https:\/\/www.atomred.com\/es\/wp-json\/wp\/v2\/pages\/960","targetHints":{"allow":["GET"]}}],"collection":[{"href":"https:\/\/www.atomred.com\/es\/wp-json\/wp\/v2\/pages"}],"about":[{"href":"https:\/\/www.atomred.com\/es\/wp-json\/wp\/v2\/types\/page"}],"author":[{"embeddable":true,"href":"https:\/\/www.atomred.com\/es\/wp-json\/wp\/v2\/users\/1"}],"replies":[{"embeddable":true,"href":"https:\/\/www.atomred.com\/es\/wp-json\/wp\/v2\/comments?post=960"}],"version-history":[{"count":46,"href":"https:\/\/www.atomred.com\/es\/wp-json\/wp\/v2\/pages\/960\/revisions"}],"predecessor-version":[{"id":3524,"href":"https:\/\/www.atomred.com\/es\/wp-json\/wp\/v2\/pages\/960\/revisions\/3524"}],"wp:attachment":[{"href":"https:\/\/www.atomred.com\/es\/wp-json\/wp\/v2\/media?parent=960"}],"wp:term":[{"taxonomy":"dipi_cpt_category","embeddable":true,"href":"https:\/\/www.atomred.com\/es\/wp-json\/wp\/v2\/dipi_cpt_category?post=960"}],"curies":[{"name":"wp","href":"https:\/\/api.w.org\/{rel}","templated":true}]}}